{"id":1811,"date":"2019-05-20T16:13:25","date_gmt":"2019-05-20T14:13:25","guid":{"rendered":"http:\/\/www2.securlift.com\/cop-lop\/custom\/"},"modified":"2024-07-25T15:30:24","modified_gmt":"2024-07-25T13:30:24","slug":"custom","status":"publish","type":"page","link":"https:\/\/www.securlift.com\/fr\/cop-lop\/custom\/","title":{"rendered":"Custom"},"content":{"rendered":"<div class=\"wpb-content-wrapper\"><p>[vc_row full_width=\u00a0\u00bbstretch_row\u00a0\u00bb bg_type=\u00a0\u00bbimage\u00a0\u00bb parallax_style=\u00a0\u00bbvcpb-default\u00a0\u00bb bg_image_new=\u00a0\u00bbid^745|url^https:\/\/www.securlift.com\/wp-content\/uploads\/2019\/06\/bg_header_02-1.jpg|caption^null|alt^null|title^bg_header_02|description^null\u00a0\u00bb bg_image_repeat=\u00a0\u00bbno-repeat\u00a0\u00bb][vc_column]<div class=\"ult-spacer spacer-69f60393f08b3\" data-id=\"69f60393f08b3\" data-height=\"300\" data-height-mobile=\"100\" data-height-tab=\"200\" data-height-tab-portrait=\"200\" data-height-mobile-landscape=\"100\" style=\"clear:both;display:block;\"><\/div>[\/vc_column][\/vc_row][vc_row][vc_column]<div id=\"ultimate-heading-295369f60393f0935\" class=\"uvc-heading ult-adjust-bottom-margin ultimate-heading-295369f60393f0935 uvc-7824 \" data-hspacer=\"no_spacer\"  data-halign=\"left\" style=\"text-align:left\"><div class=\"uvc-heading-spacer no_spacer\" style=\"top\"><\/div><div class=\"uvc-main-heading ult-responsive\"  data-ultimate-target='.uvc-heading.ultimate-heading-295369f60393f0935 h2'  data-responsive-json-new='{\"font-size\":\"desktop:44px;\",\"line-height\":\"\"}' ><h2 style=\"font-weight:bold;color:#ef712c;margin-top:10px;margin-bottom:10px;\">Custom<\/h2><\/div><div class=\"uvc-sub-heading ult-responsive\"  data-ultimate-target='.uvc-heading.ultimate-heading-295369f60393f0935 .uvc-sub-heading '  data-responsive-json-new='{\"font-size\":\"desktop:22px;\",\"line-height\":\"\"}'  style=\"font-weight:normal;margin-top:10px;margin-bottom:20px;\">Solutions sp\u00e9ciales ou personnalis\u00e9<\/div><\/div>[\/vc_column][\/vc_row][vc_row equal_height=\u00a0\u00bbyes\u00a0\u00bb][vc_column width=\u00a0\u00bb3\/4&Prime; css=\u00a0\u00bb.vc_custom_1560432583587{padding-top: 30px !important;}\u00a0\u00bb][vc_row_inner][vc_column_inner width=\u00a0\u00bb1\/3&Prime;][vc_column_text]Securlift propose des plaques \u00e0 boutons sp\u00e9ciales et sur mesures pour chaque besoin: Plaques \u00e0 boutons de taille sp\u00e9cifique \u00e0 fond plat, plaques \u00e0 boutons en colonne mont\u00e9s en surface,<br \/>\nPlaques \u00e0 boutons \u00e9tanches ou finitions sp\u00e9ciales.<\/p>\n<hr \/>\n<p>Vous pouvez \u00e9galement commander directement de <a href=\"https:\/\/www.ws-schaefer.de\" target=\"_blank\" rel=\"noopener noreferrer\">Schaefer GmbH<\/a>\u00a0 bo\u00eetes \u00e0 boutons que sont plug&amp;play pour les armoires de manoeuvre Securlift.[\/vc_column_text][\/vc_column_inner][vc_column_inner width=\u00a0\u00bb2\/3&Prime;][vc_single_image image=\u00a0\u00bb1095&Prime; img_size=\u00a0\u00bbfull\u00a0\u00bb alignment=\u00a0\u00bbcenter\u00a0\u00bb onclick=\u00a0\u00bblink_image\u00a0\u00bb image_hovers=\u00a0\u00bbfalse\u00a0\u00bb lazy_loading=\u00a0\u00bbtrue\u00a0\u00bb][\/vc_column_inner][\/vc_row_inner][\/vc_column][vc_column width=\u00a0\u00bb1\/4&Prime; css=\u00a0\u00bb.vc_custom_1560432573419{border-left-width: 1px !important;background-color: #efefef !important;border-left-color: #eaeaea !important;border-left-style: solid !important;border-radius: 1px !important;}\u00a0\u00bb][vc_column_text]<\/p>\n<h3>Other models<\/h3>\n<p>[\/vc_column_text][vc_widget_sidebar show_bg=\u00a0\u00bbfalse\u00a0\u00bb sidebar_id=\u00a0\u00bbcs-1&Prime;][\/vc_column][\/vc_row][vc_row disable_element=\u00a0\u00bbyes\u00a0\u00bb][vc_column][vc_separator][\/vc_column][\/vc_row]<\/p>\n<\/div>","protected":false},"excerpt":{"rendered":"<p>[vc_row full_width=\u00a0\u00bbstretch_row\u00a0\u00bb bg_type=\u00a0\u00bbimage\u00a0\u00bb parallax_style=\u00a0\u00bbvcpb-default\u00a0\u00bb bg_image_new=\u00a0\u00bbid^745|url^https:\/\/www.securlift.com\/wp-content\/uploads\/2019\/06\/bg_header_02-1.jpg|caption^null|alt^null|title^bg_header_02|description^null\u00a0\u00bb bg_image_repeat=\u00a0\u00bbno-repeat\u00a0\u00bb][vc_column][\/vc_column][\/vc_row][vc_row][vc_column][\/vc_column][\/vc_row][vc_row equal_height=\u00a0\u00bbyes\u00a0\u00bb][vc_column width=\u00a0\u00bb3\/4&Prime; css=\u00a0\u00bb.vc_custom_1560432583587{padding-top: 30px !important;}\u00a0\u00bb][vc_row_inner][vc_column_inner width=\u00a0\u00bb1\/3&Prime;][vc_column_text]Securlift propose des plaques \u00e0 boutons sp\u00e9ciales et sur mesures pour chaque besoin: Plaques \u00e0 boutons de taille sp\u00e9cifique \u00e0 fond plat, plaques \u00e0 boutons en colonne mont\u00e9s en surface, Plaques \u00e0 boutons \u00e9tanches ou finitions sp\u00e9ciales. Vous pouvez \u00e9galement commander directement de Schaefer&hellip;<\/p>\n","protected":false},"author":1,"featured_media":0,"parent":1804,"menu_order":0,"comment_status":"closed","ping_status":"closed","template":"","meta":{"footnotes":""},"class_list":["post-1811","page","type-page","status-publish","hentry","description-off"],"yoast_head":"<!-- This site is optimized with the Yoast SEO plugin v23.1 - https:\/\/yoast.com\/wordpress\/plugins\/seo\/ -->\n<title>Custom - Securlift<\/title>\n<meta name=\"robots\" content=\"index, follow, max-snippet:-1, max-image-preview:large, max-video-preview:-1\" \/>\n<link rel=\"canonical\" href=\"https:\/\/www.securlift.com\/fr\/cop-lop\/custom\/\" \/>\n<meta property=\"og:locale\" content=\"fr_FR\" \/>\n<meta property=\"og:type\" content=\"article\" \/>\n<meta property=\"og:title\" content=\"Custom - Securlift\" \/>\n<meta property=\"og:description\" content=\"[vc_row full_width=\u00a0\u00bbstretch_row\u00a0\u00bb bg_type=\u00a0\u00bbimage\u00a0\u00bb parallax_style=\u00a0\u00bbvcpb-default\u00a0\u00bb bg_image_new=\u00a0\u00bbid^745|url^https:\/\/www.securlift.com\/wp-content\/uploads\/2019\/06\/bg_header_02-1.jpg|caption^null|alt^null|title^bg_header_02|description^null\u00a0\u00bb bg_image_repeat=\u00a0\u00bbno-repeat\u00a0\u00bb][vc_column][\/vc_column][\/vc_row][vc_row][vc_column][\/vc_column][\/vc_row][vc_row equal_height=\u00a0\u00bbyes\u00a0\u00bb][vc_column width=\u00a0\u00bb3\/4&Prime; css=\u00a0\u00bb.vc_custom_1560432583587{padding-top: 30px !important;}\u00a0\u00bb][vc_row_inner][vc_column_inner width=\u00a0\u00bb1\/3&Prime;][vc_column_text]Securlift propose des plaques \u00e0 boutons sp\u00e9ciales et sur mesures pour chaque besoin: Plaques \u00e0 boutons de taille sp\u00e9cifique \u00e0 fond plat, plaques \u00e0 boutons en colonne mont\u00e9s en surface, Plaques \u00e0 boutons \u00e9tanches ou finitions sp\u00e9ciales. Vous pouvez \u00e9galement commander directement de Schaefer&hellip;\" \/>\n<meta property=\"og:url\" content=\"https:\/\/www.securlift.com\/fr\/cop-lop\/custom\/\" \/>\n<meta property=\"og:site_name\" content=\"Securlift\" \/>\n<meta property=\"article:publisher\" content=\"https:\/\/www.facebook.com\/securliftdigitalcontrollers\/\" \/>\n<meta property=\"article:modified_time\" content=\"2024-07-25T13:30:24+00:00\" \/>\n<meta name=\"twitter:card\" content=\"summary_large_image\" \/>\n<meta name=\"twitter:label1\" content=\"Dur\u00e9e de lecture estim\u00e9e\" \/>\n\t<meta name=\"twitter:data1\" content=\"1 minute\" \/>\n<script type=\"application\/ld+json\" class=\"yoast-schema-graph\">{\"@context\":\"https:\/\/schema.org\",\"@graph\":[{\"@type\":\"WebPage\",\"@id\":\"https:\/\/www.securlift.com\/fr\/cop-lop\/custom\/\",\"url\":\"https:\/\/www.securlift.com\/fr\/cop-lop\/custom\/\",\"name\":\"Custom - Securlift\",\"isPartOf\":{\"@id\":\"https:\/\/www.securlift.com\/#website\"},\"datePublished\":\"2019-05-20T14:13:25+00:00\",\"dateModified\":\"2024-07-25T13:30:24+00:00\",\"breadcrumb\":{\"@id\":\"https:\/\/www.securlift.com\/fr\/cop-lop\/custom\/#breadcrumb\"},\"inLanguage\":\"fr-FR\",\"potentialAction\":[{\"@type\":\"ReadAction\",\"target\":[\"https:\/\/www.securlift.com\/fr\/cop-lop\/custom\/\"]}]},{\"@type\":\"BreadcrumbList\",\"@id\":\"https:\/\/www.securlift.com\/fr\/cop-lop\/custom\/#breadcrumb\",\"itemListElement\":[{\"@type\":\"ListItem\",\"position\":1,\"name\":\"Home\",\"item\":\"https:\/\/www.securlift.com\/fr\/\"},{\"@type\":\"ListItem\",\"position\":2,\"name\":\"Plaques a boutons\",\"item\":\"https:\/\/www.securlift.com\/fr\/cop-lop\/\"},{\"@type\":\"ListItem\",\"position\":3,\"name\":\"Custom\"}]},{\"@type\":\"WebSite\",\"@id\":\"https:\/\/www.securlift.com\/#website\",\"url\":\"https:\/\/www.securlift.com\/\",\"name\":\"Securlift\",\"description\":\"\",\"publisher\":{\"@id\":\"https:\/\/www.securlift.com\/#organization\"},\"potentialAction\":[{\"@type\":\"SearchAction\",\"target\":{\"@type\":\"EntryPoint\",\"urlTemplate\":\"https:\/\/www.securlift.com\/?s={search_term_string}\"},\"query-input\":\"required name=search_term_string\"}],\"inLanguage\":\"fr-FR\"},{\"@type\":\"Organization\",\"@id\":\"https:\/\/www.securlift.com\/#organization\",\"name\":\"Securlift Sagl\",\"url\":\"https:\/\/www.securlift.com\/\",\"logo\":{\"@type\":\"ImageObject\",\"inLanguage\":\"fr-FR\",\"@id\":\"https:\/\/www.securlift.com\/#\/schema\/logo\/image\/\",\"url\":\"https:\/\/www.securlift.com\/wp-content\/uploads\/2019\/01\/Securlift_Logo_w600.png\",\"contentUrl\":\"https:\/\/www.securlift.com\/wp-content\/uploads\/2019\/01\/Securlift_Logo_w600.png\",\"width\":600,\"height\":84,\"caption\":\"Securlift Sagl\"},\"image\":{\"@id\":\"https:\/\/www.securlift.com\/#\/schema\/logo\/image\/\"},\"sameAs\":[\"https:\/\/www.facebook.com\/securliftdigitalcontrollers\/\",\"https:\/\/www.linkedin.com\/company\/securlift-sagl\"]}]}<\/script>\n<!-- \/ Yoast SEO plugin. -->","yoast_head_json":{"title":"Custom - Securlift","robots":{"index":"index","follow":"follow","max-snippet":"max-snippet:-1","max-image-preview":"max-image-preview:large","max-video-preview":"max-video-preview:-1"},"canonical":"https:\/\/www.securlift.com\/fr\/cop-lop\/custom\/","og_locale":"fr_FR","og_type":"article","og_title":"Custom - Securlift","og_description":"[vc_row full_width=\u00a0\u00bbstretch_row\u00a0\u00bb bg_type=\u00a0\u00bbimage\u00a0\u00bb parallax_style=\u00a0\u00bbvcpb-default\u00a0\u00bb bg_image_new=\u00a0\u00bbid^745|url^https:\/\/www.securlift.com\/wp-content\/uploads\/2019\/06\/bg_header_02-1.jpg|caption^null|alt^null|title^bg_header_02|description^null\u00a0\u00bb bg_image_repeat=\u00a0\u00bbno-repeat\u00a0\u00bb][vc_column][\/vc_column][\/vc_row][vc_row][vc_column][\/vc_column][\/vc_row][vc_row equal_height=\u00a0\u00bbyes\u00a0\u00bb][vc_column width=\u00a0\u00bb3\/4&Prime; css=\u00a0\u00bb.vc_custom_1560432583587{padding-top: 30px !important;}\u00a0\u00bb][vc_row_inner][vc_column_inner width=\u00a0\u00bb1\/3&Prime;][vc_column_text]Securlift propose des plaques \u00e0 boutons sp\u00e9ciales et sur mesures pour chaque besoin: Plaques \u00e0 boutons de taille sp\u00e9cifique \u00e0 fond plat, plaques \u00e0 boutons en colonne mont\u00e9s en surface, Plaques \u00e0 boutons \u00e9tanches ou finitions sp\u00e9ciales. Vous pouvez \u00e9galement commander directement de Schaefer&hellip;","og_url":"https:\/\/www.securlift.com\/fr\/cop-lop\/custom\/","og_site_name":"Securlift","article_publisher":"https:\/\/www.facebook.com\/securliftdigitalcontrollers\/","article_modified_time":"2024-07-25T13:30:24+00:00","twitter_card":"summary_large_image","twitter_misc":{"Dur\u00e9e de lecture estim\u00e9e":"1 minute"},"schema":{"@context":"https:\/\/schema.org","@graph":[{"@type":"WebPage","@id":"https:\/\/www.securlift.com\/fr\/cop-lop\/custom\/","url":"https:\/\/www.securlift.com\/fr\/cop-lop\/custom\/","name":"Custom - Securlift","isPartOf":{"@id":"https:\/\/www.securlift.com\/#website"},"datePublished":"2019-05-20T14:13:25+00:00","dateModified":"2024-07-25T13:30:24+00:00","breadcrumb":{"@id":"https:\/\/www.securlift.com\/fr\/cop-lop\/custom\/#breadcrumb"},"inLanguage":"fr-FR","potentialAction":[{"@type":"ReadAction","target":["https:\/\/www.securlift.com\/fr\/cop-lop\/custom\/"]}]},{"@type":"BreadcrumbList","@id":"https:\/\/www.securlift.com\/fr\/cop-lop\/custom\/#breadcrumb","itemListElement":[{"@type":"ListItem","position":1,"name":"Home","item":"https:\/\/www.securlift.com\/fr\/"},{"@type":"ListItem","position":2,"name":"Plaques a boutons","item":"https:\/\/www.securlift.com\/fr\/cop-lop\/"},{"@type":"ListItem","position":3,"name":"Custom"}]},{"@type":"WebSite","@id":"https:\/\/www.securlift.com\/#website","url":"https:\/\/www.securlift.com\/","name":"Securlift","description":"","publisher":{"@id":"https:\/\/www.securlift.com\/#organization"},"potentialAction":[{"@type":"SearchAction","target":{"@type":"EntryPoint","urlTemplate":"https:\/\/www.securlift.com\/?s={search_term_string}"},"query-input":"required name=search_term_string"}],"inLanguage":"fr-FR"},{"@type":"Organization","@id":"https:\/\/www.securlift.com\/#organization","name":"Securlift Sagl","url":"https:\/\/www.securlift.com\/","logo":{"@type":"ImageObject","inLanguage":"fr-FR","@id":"https:\/\/www.securlift.com\/#\/schema\/logo\/image\/","url":"https:\/\/www.securlift.com\/wp-content\/uploads\/2019\/01\/Securlift_Logo_w600.png","contentUrl":"https:\/\/www.securlift.com\/wp-content\/uploads\/2019\/01\/Securlift_Logo_w600.png","width":600,"height":84,"caption":"Securlift Sagl"},"image":{"@id":"https:\/\/www.securlift.com\/#\/schema\/logo\/image\/"},"sameAs":["https:\/\/www.facebook.com\/securliftdigitalcontrollers\/","https:\/\/www.linkedin.com\/company\/securlift-sagl"]}]}},"_links":{"self":[{"href":"https:\/\/www.securlift.com\/fr\/wp-json\/wp\/v2\/pages\/1811"}],"collection":[{"href":"https:\/\/www.securlift.com\/fr\/wp-json\/wp\/v2\/pages"}],"about":[{"href":"https:\/\/www.securlift.com\/fr\/wp-json\/wp\/v2\/types\/page"}],"author":[{"embeddable":true,"href":"https:\/\/www.securlift.com\/fr\/wp-json\/wp\/v2\/users\/1"}],"replies":[{"embeddable":true,"href":"https:\/\/www.securlift.com\/fr\/wp-json\/wp\/v2\/comments?post=1811"}],"version-history":[{"count":3,"href":"https:\/\/www.securlift.com\/fr\/wp-json\/wp\/v2\/pages\/1811\/revisions"}],"predecessor-version":[{"id":2797,"href":"https:\/\/www.securlift.com\/fr\/wp-json\/wp\/v2\/pages\/1811\/revisions\/2797"}],"up":[{"embeddable":true,"href":"https:\/\/www.securlift.com\/fr\/wp-json\/wp\/v2\/pages\/1804"}],"wp:attachment":[{"href":"https:\/\/www.securlift.com\/fr\/wp-json\/wp\/v2\/media?parent=1811"}],"curies":[{"name":"wp","href":"https:\/\/api.w.org\/{rel}","templated":true}]}}