{"id":1791,"date":"2019-05-20T15:08:30","date_gmt":"2019-05-20T13:08:30","guid":{"rendered":"http:\/\/www2.securlift.com\/control-panels\/options\/"},"modified":"2019-11-14T15:55:28","modified_gmt":"2019-11-14T14:55:28","slug":"options","status":"publish","type":"page","link":"https:\/\/www.securlift.com\/fr\/control-panels\/options\/","title":{"rendered":"Options sp\u00e9ciales"},"content":{"rendered":"<div class=\"wpb-content-wrapper\"><p>[vc_row full_width=\u00a0\u00bbstretch_row\u00a0\u00bb bg_type=\u00a0\u00bbimage\u00a0\u00bb parallax_style=\u00a0\u00bbvcpb-default\u00a0\u00bb bg_image_new=\u00a0\u00bbid^2137|url^https:\/\/www.securlift.com\/wp-content\/uploads\/2019\/11\/OPZIONI-WEB-SITE.png|caption^null|alt^null|title^OPZIONI WEB SITE|description^null\u00a0\u00bb bg_image_repeat=\u00a0\u00bbno-repeat\u00a0\u00bb][vc_column]<div class=\"ult-spacer spacer-69f603794dddb\" data-id=\"69f603794dddb\" data-height=\"300\" data-height-mobile=\"100\" data-height-tab=\"200\" data-height-tab-portrait=\"200\" data-height-mobile-landscape=\"100\" style=\"clear:both;display:block;\"><\/div>[\/vc_column][\/vc_row][vc_row][vc_column]<div id=\"ultimate-heading-856669f603794de79\" class=\"uvc-heading ult-adjust-bottom-margin ultimate-heading-856669f603794de79 uvc-9701 \" data-hspacer=\"no_spacer\"  data-halign=\"left\" style=\"text-align:left\"><div class=\"uvc-heading-spacer no_spacer\" style=\"top\"><\/div><div class=\"uvc-main-heading ult-responsive\"  data-ultimate-target='.uvc-heading.ultimate-heading-856669f603794de79 h2'  data-responsive-json-new='{\"font-size\":\"desktop:44px;\",\"line-height\":\"\"}' ><h2 style=\"font-weight:bold;color:#ef712c;margin-top:10px;margin-bottom:10px;\">Options<\/h2><\/div><\/div>[vc_row_inner][vc_column_inner width=\u00a0\u00bb1\/2&Prime;][vc_column_text]<\/p>\n<h1>LIMAX SAFE<\/h1>\n<p><strong>Syst\u00e8me d\u2019information de gaine avec positionnement absolu.<\/strong><\/p>\n<p>Limax Safe est un syst\u00e8me de positionnement de gaine absolu avec une pr\u00e9cision de 1 mm pour vitesse jusqu&rsquo;\u00e0 10 m\/s et gaine de 260m.<br \/>\nLe principe de mensuration magn\u00e9tique assure robustesse du syst\u00e8me et le rend insensible \u00e0 la fum\u00e9e, \u00e0 la chaleur, \u00e0 l&rsquo;humidit\u00e9 et \u00e0 la poussi\u00e8re.<br \/>\nEn outre la bande magn\u00e9tique robuste est tr\u00e8s r\u00e9sistante \u00e0 la sollicitation manuelle lors de l&rsquo;assemblage.<br \/>\nL&rsquo;int\u00e9gration avec le Secur3 par le bus s\u00e9riel CAN-bus de cabine rend l&rsquo;installation et l\u2019utilisation encore plus facile car il est possible de d\u00e9finir les \u00e9tages individuels par le clavier Secur3.<br \/>\nAvec le syst\u00e8me LIMAX SAFE, il sera possible de se passer d\u2019un grand nombre de composants m\u00e9caniques et de sous-syst\u00e8mes pr\u00e9c\u00e9demment fournis dans la gaine.<br \/>\nLa maintenance et le d\u00e9pannage seront \u00e9galement simplifi\u00e9s.[\/vc_column_text][\/vc_column_inner][vc_column_inner width=\u00a0\u00bb1\/2&Prime;][vc_single_image image=\u00a0\u00bb549&Prime; img_size=\u00a0\u00bbfull\u00a0\u00bb alignment=\u00a0\u00bbcenter\u00a0\u00bb onclick=\u00a0\u00bblink_image\u00a0\u00bb image_hovers=\u00a0\u00bbfalse\u00a0\u00bb lazy_loading=\u00a0\u00bbtrue\u00a0\u00bb][vc_column_text]<div class='w3eden'><div class=\"media well link-template-widget\">\r\n    <a class=\"pull-left\" href=\"https:\/\/www.securlift.com\/fr\/download\/elgo-limax-safe\/\">\r\n    <img decoding=\"async\" class=\"wpdm_icon\" alt=\"Ic\u00f4ne\" src=\"https:\/\/www.securlift.com\/wp-content\/plugins\/download-manager\/assets\/file-type-icons\/zip.svg\" onError='this.src=\"https:\/\/www.securlift.com\/wp-content\/plugins\/download-manager\/assets\/file-type-icons\/unknown.svg\";' \/>\r\n    <\/a>\r\n    <div class=\"media-body\">\r\n    <a href=\"https:\/\/www.securlift.com\/fr\/download\/elgo-limax-safe\/\" style=\"display: block;clear: bottom;font-size: 11pt;font-weight: bold;color:#8d8e8c;\">Elgo Limax Safe<\/a>\r\n        <div style=\"font-size: 9pt;\">\r\n    <i class=\"fa fa-database\" style=\"color:#ef712c;\"><\/i> 529.06 KB &nbsp; <i class=\"fa fa-files-o\" style=\"color:#ef712c;\"><\/i> 2 file(s)\r\n        <\/div>\r\n    <\/div>\r\n<\/div>\r\n<style>\r\n    .wpdm_icon{ max-width: 48px; width: 48px; }\r\n<\/style>\r\n<\/div>[\/vc_column_text][\/vc_column_inner][\/vc_row_inner][vc_separator][vc_row_inner][vc_column_inner width=\u00a0\u00bb1\/2&Prime;][vc_column_text]<\/p>\n<h1>iLift Web App<\/h1>\n<p>ILift Web App permet une configuration et une surveillance simples et intuitives de l\u2019ascenseur avec une armoire de manouvre de commande Securlift.<br \/>\nL\u2019armoire de manouvre sera accessible \u00e0 distance \u00e0 partir de tout appareil connect\u00e9 \u00e0 Internet: smartphone, tablette, PC.<br \/>\nL\u2019armoire de manouvre communique avec le p\u00e9riph\u00e9rique GSM via la connexion de CAN-bus.<br \/>\nL&rsquo;application permet les fonctions suivantes:<\/p>\n<ul>\n<li>Affichage de l&rsquo;\u00e9tat des ascenseurs (historique des alarmes, position de la cabine,direction et destination, \u00e9tat des portes, circuit de s\u00e9curit\u00e9, commandes d\u2019actionnement, etc.);<\/li>\n<li>Enregistrement et passer des appels, reset de la manouvre \u00e9lectrique, metre hors service;<\/li>\n<li>Gestion des installations pour chaque client;<\/li>\n<li>L&rsquo;acc\u00e8s \u00e0 la surveillance peut \u00eatre configur\u00e9 pour diff\u00e9rents employ\u00e9s, avec des restrictions programmables;<\/li>\n<li>G\u00e9n\u00e8re un graphique de la vitesse de la cabine (en combinaison avec le syst\u00e8me de positionnement absolu Limax);<\/li>\n<li>Notifications d&rsquo;alarmes sur plusieurs adresses e-mail.<\/li>\n<\/ul>\n<p>[\/vc_column_text][\/vc_column_inner][vc_column_inner width=\u00a0\u00bb1\/2&Prime;][vc_single_image image=\u00a0\u00bb1536&Prime; img_size=\u00a0\u00bblarge\u00a0\u00bb alignment=\u00a0\u00bbcenter\u00a0\u00bb onclick=\u00a0\u00bblink_image\u00a0\u00bb image_hovers=\u00a0\u00bbfalse\u00a0\u00bb lazy_loading=\u00a0\u00bbtrue\u00a0\u00bb][vc_column_text]<div class='w3eden'><div class=\"media well link-template-widget\">\r\n    <a class=\"pull-left\" href=\"https:\/\/www.securlift.com\/fr\/download\/ilift-web-app\/\">\r\n    <img decoding=\"async\" class=\"wpdm_icon\" alt=\"Ic\u00f4ne\" src=\"https:\/\/www.securlift.com\/wp-content\/plugins\/download-manager\/assets\/file-type-icons\/zip.svg\" onError='this.src=\"https:\/\/www.securlift.com\/wp-content\/plugins\/download-manager\/assets\/file-type-icons\/unknown.svg\";' \/>\r\n    <\/a>\r\n    <div class=\"media-body\">\r\n    <a href=\"https:\/\/www.securlift.com\/fr\/download\/ilift-web-app\/\" style=\"display: block;clear: bottom;font-size: 11pt;font-weight: bold;color:#8d8e8c;\">iLift Web App<\/a>\r\n        <div style=\"font-size: 9pt;\">\r\n    <i class=\"fa fa-database\" style=\"color:#ef712c;\"><\/i> 590.19 KB &nbsp; <i class=\"fa fa-files-o\" style=\"color:#ef712c;\"><\/i> 2 file(s)\r\n        <\/div>\r\n    <\/div>\r\n<\/div>\r\n<style>\r\n    .wpdm_icon{ max-width: 48px; width: 48px; }\r\n<\/style>\r\n<\/div>[\/vc_column_text][\/vc_column_inner][\/vc_row_inner][vc_separator][vc_row_inner][vc_column_inner width=\u00a0\u00bb1\/2&Prime;][vc_column_text]<\/p>\n<h1>Connexion sans fil \u00e0 la cabine<\/h1>\n<p>Pour des installations sp\u00e9ciaux, tels que les ascenseurs inclin\u00e9s \u00e0 l&rsquo;ext\u00e9rieur, vous pouvez transmettre les signaux de commande de l\u2019armoire de manoeuvre \u00e0 la cabine par des appareils sans fil avec degr\u00e9 de s\u00e9curit\u00e9 SIL3.<br \/>\nCette solution facilite l&rsquo;installation et r\u00e9duit la maintenance, par exemple, les c\u00e2bles flexibles entre le tableau \u00e9lectrique et la cabine ne sont plus n\u00e9cessaires.<br \/>\nSecurlift offre d\u00e9veloppements personnalis\u00e9s sur demande.[\/vc_column_text][\/vc_column_inner][vc_column_inner width=\u00a0\u00bb1\/2&Prime;][vc_single_image image=\u00a0\u00bb1312&Prime; img_size=\u00a0\u00bbfull\u00a0\u00bb alignment=\u00a0\u00bbcenter\u00a0\u00bb onclick=\u00a0\u00bblink_image\u00a0\u00bb image_hovers=\u00a0\u00bbfalse\u00a0\u00bb lazy_loading=\u00a0\u00bbtrue\u00a0\u00bb][\/vc_column_inner][\/vc_row_inner][\/vc_column][\/vc_row]<\/p>\n<\/div>","protected":false},"excerpt":{"rendered":"<p>[vc_row full_width=\u00a0\u00bbstretch_row\u00a0\u00bb bg_type=\u00a0\u00bbimage\u00a0\u00bb parallax_style=\u00a0\u00bbvcpb-default\u00a0\u00bb bg_image_new=\u00a0\u00bbid^2137|url^https:\/\/www.securlift.com\/wp-content\/uploads\/2019\/11\/OPZIONI-WEB-SITE.png|caption^null|alt^null|title^OPZIONI WEB SITE|description^null\u00a0\u00bb bg_image_repeat=\u00a0\u00bbno-repeat\u00a0\u00bb][vc_column][\/vc_column][\/vc_row][vc_row][vc_column][vc_row_inner][vc_column_inner width=\u00a0\u00bb1\/2&Prime;][vc_column_text] LIMAX SAFE Syst\u00e8me d\u2019information de gaine avec positionnement absolu. Limax Safe est un syst\u00e8me de positionnement de gaine absolu avec une pr\u00e9cision de 1 mm pour vitesse jusqu&rsquo;\u00e0 10 m\/s et gaine de 260m. Le principe de mensuration magn\u00e9tique assure robustesse du syst\u00e8me et le rend&hellip;<\/p>\n","protected":false},"author":1,"featured_media":0,"parent":1778,"menu_order":0,"comment_status":"closed","ping_status":"closed","template":"","meta":{"footnotes":""},"class_list":["post-1791","page","type-page","status-publish","hentry","description-off"],"yoast_head":"<!-- This site is optimized with the Yoast SEO plugin v23.1 - https:\/\/yoast.com\/wordpress\/plugins\/seo\/ -->\n<title>Options sp\u00e9ciales - Securlift<\/title>\n<meta name=\"robots\" content=\"index, follow, max-snippet:-1, max-image-preview:large, max-video-preview:-1\" \/>\n<link rel=\"canonical\" href=\"https:\/\/www.securlift.com\/fr\/control-panels\/options\/\" \/>\n<meta property=\"og:locale\" content=\"fr_FR\" \/>\n<meta property=\"og:type\" content=\"article\" \/>\n<meta property=\"og:title\" content=\"Options sp\u00e9ciales - Securlift\" \/>\n<meta property=\"og:description\" content=\"[vc_row full_width=\u00a0\u00bbstretch_row\u00a0\u00bb bg_type=\u00a0\u00bbimage\u00a0\u00bb parallax_style=\u00a0\u00bbvcpb-default\u00a0\u00bb bg_image_new=\u00a0\u00bbid^2137|url^https:\/\/www.securlift.com\/wp-content\/uploads\/2019\/11\/OPZIONI-WEB-SITE.png|caption^null|alt^null|title^OPZIONI WEB SITE|description^null\u00a0\u00bb bg_image_repeat=\u00a0\u00bbno-repeat\u00a0\u00bb][vc_column][\/vc_column][\/vc_row][vc_row][vc_column][vc_row_inner][vc_column_inner width=\u00a0\u00bb1\/2&Prime;][vc_column_text] LIMAX SAFE Syst\u00e8me d\u2019information de gaine avec positionnement absolu. Limax Safe est un syst\u00e8me de positionnement de gaine absolu avec une pr\u00e9cision de 1 mm pour vitesse jusqu&rsquo;\u00e0 10 m\/s et gaine de 260m. Le principe de mensuration magn\u00e9tique assure robustesse du syst\u00e8me et le rend&hellip;\" \/>\n<meta property=\"og:url\" content=\"https:\/\/www.securlift.com\/fr\/control-panels\/options\/\" \/>\n<meta property=\"og:site_name\" content=\"Securlift\" \/>\n<meta property=\"article:publisher\" content=\"https:\/\/www.facebook.com\/securliftdigitalcontrollers\/\" \/>\n<meta property=\"article:modified_time\" content=\"2019-11-14T14:55:28+00:00\" \/>\n<meta name=\"twitter:card\" content=\"summary_large_image\" \/>\n<meta name=\"twitter:label1\" content=\"Dur\u00e9e de lecture estim\u00e9e\" \/>\n\t<meta name=\"twitter:data1\" content=\"3 minutes\" \/>\n<script type=\"application\/ld+json\" class=\"yoast-schema-graph\">{\"@context\":\"https:\/\/schema.org\",\"@graph\":[{\"@type\":\"WebPage\",\"@id\":\"https:\/\/www.securlift.com\/fr\/control-panels\/options\/\",\"url\":\"https:\/\/www.securlift.com\/fr\/control-panels\/options\/\",\"name\":\"Options sp\u00e9ciales - Securlift\",\"isPartOf\":{\"@id\":\"https:\/\/www.securlift.com\/#website\"},\"datePublished\":\"2019-05-20T13:08:30+00:00\",\"dateModified\":\"2019-11-14T14:55:28+00:00\",\"breadcrumb\":{\"@id\":\"https:\/\/www.securlift.com\/fr\/control-panels\/options\/#breadcrumb\"},\"inLanguage\":\"fr-FR\",\"potentialAction\":[{\"@type\":\"ReadAction\",\"target\":[\"https:\/\/www.securlift.com\/fr\/control-panels\/options\/\"]}]},{\"@type\":\"BreadcrumbList\",\"@id\":\"https:\/\/www.securlift.com\/fr\/control-panels\/options\/#breadcrumb\",\"itemListElement\":[{\"@type\":\"ListItem\",\"position\":1,\"name\":\"Home\",\"item\":\"https:\/\/www.securlift.com\/fr\/\"},{\"@type\":\"ListItem\",\"position\":2,\"name\":\"Tableau de manoeuvre pour ascenseurs\",\"item\":\"https:\/\/www.securlift.com\/fr\/control-panels\/\"},{\"@type\":\"ListItem\",\"position\":3,\"name\":\"Options sp\u00e9ciales\"}]},{\"@type\":\"WebSite\",\"@id\":\"https:\/\/www.securlift.com\/#website\",\"url\":\"https:\/\/www.securlift.com\/\",\"name\":\"Securlift\",\"description\":\"\",\"publisher\":{\"@id\":\"https:\/\/www.securlift.com\/#organization\"},\"potentialAction\":[{\"@type\":\"SearchAction\",\"target\":{\"@type\":\"EntryPoint\",\"urlTemplate\":\"https:\/\/www.securlift.com\/?s={search_term_string}\"},\"query-input\":\"required name=search_term_string\"}],\"inLanguage\":\"fr-FR\"},{\"@type\":\"Organization\",\"@id\":\"https:\/\/www.securlift.com\/#organization\",\"name\":\"Securlift Sagl\",\"url\":\"https:\/\/www.securlift.com\/\",\"logo\":{\"@type\":\"ImageObject\",\"inLanguage\":\"fr-FR\",\"@id\":\"https:\/\/www.securlift.com\/#\/schema\/logo\/image\/\",\"url\":\"https:\/\/www.securlift.com\/wp-content\/uploads\/2019\/01\/Securlift_Logo_w600.png\",\"contentUrl\":\"https:\/\/www.securlift.com\/wp-content\/uploads\/2019\/01\/Securlift_Logo_w600.png\",\"width\":600,\"height\":84,\"caption\":\"Securlift Sagl\"},\"image\":{\"@id\":\"https:\/\/www.securlift.com\/#\/schema\/logo\/image\/\"},\"sameAs\":[\"https:\/\/www.facebook.com\/securliftdigitalcontrollers\/\",\"https:\/\/www.linkedin.com\/company\/securlift-sagl\"]}]}<\/script>\n<!-- \/ Yoast SEO plugin. -->","yoast_head_json":{"title":"Options sp\u00e9ciales - Securlift","robots":{"index":"index","follow":"follow","max-snippet":"max-snippet:-1","max-image-preview":"max-image-preview:large","max-video-preview":"max-video-preview:-1"},"canonical":"https:\/\/www.securlift.com\/fr\/control-panels\/options\/","og_locale":"fr_FR","og_type":"article","og_title":"Options sp\u00e9ciales - Securlift","og_description":"[vc_row full_width=\u00a0\u00bbstretch_row\u00a0\u00bb bg_type=\u00a0\u00bbimage\u00a0\u00bb parallax_style=\u00a0\u00bbvcpb-default\u00a0\u00bb bg_image_new=\u00a0\u00bbid^2137|url^https:\/\/www.securlift.com\/wp-content\/uploads\/2019\/11\/OPZIONI-WEB-SITE.png|caption^null|alt^null|title^OPZIONI WEB SITE|description^null\u00a0\u00bb bg_image_repeat=\u00a0\u00bbno-repeat\u00a0\u00bb][vc_column][\/vc_column][\/vc_row][vc_row][vc_column][vc_row_inner][vc_column_inner width=\u00a0\u00bb1\/2&Prime;][vc_column_text] LIMAX SAFE Syst\u00e8me d\u2019information de gaine avec positionnement absolu. Limax Safe est un syst\u00e8me de positionnement de gaine absolu avec une pr\u00e9cision de 1 mm pour vitesse jusqu&rsquo;\u00e0 10 m\/s et gaine de 260m. Le principe de mensuration magn\u00e9tique assure robustesse du syst\u00e8me et le rend&hellip;","og_url":"https:\/\/www.securlift.com\/fr\/control-panels\/options\/","og_site_name":"Securlift","article_publisher":"https:\/\/www.facebook.com\/securliftdigitalcontrollers\/","article_modified_time":"2019-11-14T14:55:28+00:00","twitter_card":"summary_large_image","twitter_misc":{"Dur\u00e9e de lecture estim\u00e9e":"3 minutes"},"schema":{"@context":"https:\/\/schema.org","@graph":[{"@type":"WebPage","@id":"https:\/\/www.securlift.com\/fr\/control-panels\/options\/","url":"https:\/\/www.securlift.com\/fr\/control-panels\/options\/","name":"Options sp\u00e9ciales - Securlift","isPartOf":{"@id":"https:\/\/www.securlift.com\/#website"},"datePublished":"2019-05-20T13:08:30+00:00","dateModified":"2019-11-14T14:55:28+00:00","breadcrumb":{"@id":"https:\/\/www.securlift.com\/fr\/control-panels\/options\/#breadcrumb"},"inLanguage":"fr-FR","potentialAction":[{"@type":"ReadAction","target":["https:\/\/www.securlift.com\/fr\/control-panels\/options\/"]}]},{"@type":"BreadcrumbList","@id":"https:\/\/www.securlift.com\/fr\/control-panels\/options\/#breadcrumb","itemListElement":[{"@type":"ListItem","position":1,"name":"Home","item":"https:\/\/www.securlift.com\/fr\/"},{"@type":"ListItem","position":2,"name":"Tableau de manoeuvre pour ascenseurs","item":"https:\/\/www.securlift.com\/fr\/control-panels\/"},{"@type":"ListItem","position":3,"name":"Options sp\u00e9ciales"}]},{"@type":"WebSite","@id":"https:\/\/www.securlift.com\/#website","url":"https:\/\/www.securlift.com\/","name":"Securlift","description":"","publisher":{"@id":"https:\/\/www.securlift.com\/#organization"},"potentialAction":[{"@type":"SearchAction","target":{"@type":"EntryPoint","urlTemplate":"https:\/\/www.securlift.com\/?s={search_term_string}"},"query-input":"required name=search_term_string"}],"inLanguage":"fr-FR"},{"@type":"Organization","@id":"https:\/\/www.securlift.com\/#organization","name":"Securlift Sagl","url":"https:\/\/www.securlift.com\/","logo":{"@type":"ImageObject","inLanguage":"fr-FR","@id":"https:\/\/www.securlift.com\/#\/schema\/logo\/image\/","url":"https:\/\/www.securlift.com\/wp-content\/uploads\/2019\/01\/Securlift_Logo_w600.png","contentUrl":"https:\/\/www.securlift.com\/wp-content\/uploads\/2019\/01\/Securlift_Logo_w600.png","width":600,"height":84,"caption":"Securlift Sagl"},"image":{"@id":"https:\/\/www.securlift.com\/#\/schema\/logo\/image\/"},"sameAs":["https:\/\/www.facebook.com\/securliftdigitalcontrollers\/","https:\/\/www.linkedin.com\/company\/securlift-sagl"]}]}},"_links":{"self":[{"href":"https:\/\/www.securlift.com\/fr\/wp-json\/wp\/v2\/pages\/1791"}],"collection":[{"href":"https:\/\/www.securlift.com\/fr\/wp-json\/wp\/v2\/pages"}],"about":[{"href":"https:\/\/www.securlift.com\/fr\/wp-json\/wp\/v2\/types\/page"}],"author":[{"embeddable":true,"href":"https:\/\/www.securlift.com\/fr\/wp-json\/wp\/v2\/users\/1"}],"replies":[{"embeddable":true,"href":"https:\/\/www.securlift.com\/fr\/wp-json\/wp\/v2\/comments?post=1791"}],"version-history":[{"count":6,"href":"https:\/\/www.securlift.com\/fr\/wp-json\/wp\/v2\/pages\/1791\/revisions"}],"predecessor-version":[{"id":2141,"href":"https:\/\/www.securlift.com\/fr\/wp-json\/wp\/v2\/pages\/1791\/revisions\/2141"}],"up":[{"embeddable":true,"href":"https:\/\/www.securlift.com\/fr\/wp-json\/wp\/v2\/pages\/1778"}],"wp:attachment":[{"href":"https:\/\/www.securlift.com\/fr\/wp-json\/wp\/v2\/media?parent=1791"}],"curies":[{"name":"wp","href":"https:\/\/api.w.org\/{rel}","templated":true}]}}