{"id":1782,"date":"2019-01-24T13:44:03","date_gmt":"2019-01-24T12:44:03","guid":{"rendered":"http:\/\/www2.securlift.com\/control-panels\/machine-room\/"},"modified":"2024-07-24T14:14:38","modified_gmt":"2024-07-24T12:14:38","slug":"machine-room","status":"publish","type":"page","link":"https:\/\/www.securlift.com\/fr\/control-panels\/machine-room\/","title":{"rendered":"Machine Room"},"content":{"rendered":"<div class=\"wpb-content-wrapper\"><p>[vc_row full_width=\u00a0\u00bbstretch_row\u00a0\u00bb bg_type=\u00a0\u00bbimage\u00a0\u00bb parallax_style=\u00a0\u00bbvcpb-default\u00a0\u00bb bg_image_new=\u00a0\u00bbid^1565|url^https:\/\/www.securlift.com\/wp-content\/uploads\/2019\/09\/bg_machine-room.jpg|caption^null|alt^null|title^bg_machine-room|description^null\u00a0\u00bb bg_image_repeat=\u00a0\u00bbno-repeat\u00a0\u00bb][vc_column]<div class=\"ult-spacer spacer-69f60382dd71f\" data-id=\"69f60382dd71f\" data-height=\"300\" data-height-mobile=\"100\" data-height-tab=\"200\" data-height-tab-portrait=\"200\" data-height-mobile-landscape=\"100\" style=\"clear:both;display:block;\"><\/div>[\/vc_column][\/vc_row][vc_row][vc_column width=\u00a0\u00bb3\/4&Prime;]<div id=\"ultimate-heading-694169f60382dd78d\" class=\"uvc-heading ult-adjust-bottom-margin ultimate-heading-694169f60382dd78d uvc-4167 \" data-hspacer=\"no_spacer\"  data-halign=\"left\" style=\"text-align:left\"><div class=\"uvc-heading-spacer no_spacer\" style=\"top\"><\/div><div class=\"uvc-main-heading ult-responsive\"  data-ultimate-target='.uvc-heading.ultimate-heading-694169f60382dd78d h2'  data-responsive-json-new='{\"font-size\":\"desktop:44px;\",\"line-height\":\"\"}' ><h2 style=\"font-weight:bold;color:#ef712c;margin-top:10px;margin-bottom:10px;\">Machine Room - Mr<\/h2><\/div><div class=\"uvc-sub-heading ult-responsive\"  data-ultimate-target='.uvc-heading.ultimate-heading-694169f60382dd78d .uvc-sub-heading '  data-responsive-json-new='{\"font-size\":\"desktop:22px;\",\"line-height\":\"\"}'  style=\"font-weight:normal;margin-top:10px;margin-bottom:20px;\">Solutions pour installations avec machinerie<\/div><\/div>[vc_row_inner][vc_column_inner width=\u00a0\u00bb1\/2&Prime;][vc_column_text]<\/p>\n<h1>Mini<\/h1>\n<p>Armoire de dimensions r\u00e9duit, adapt\u00e9e aux installations hydrauliques n\u00e9cessitant d\u2019un encombrement minime.<\/p>\n<p>Cette armoire est adapt\u00e9e pour les les installations hydrauliques n\u00e9cessitant un encombrement minimal.<br \/>\nL\u2019option d\u2019int\u00e9grer la force motrice directement sur la face avant de l&rsquo;armoire, rend possible le placement de<\/p>\n<p>l\u2019armoire de manoeuvre dans un environnement restreint, par exemple lorsque l\u2019armoire de manoeuvre et l\u2019unit\u00e9 hydraulique sont situ\u00e9es dans le m\u00eame emplacement.<\/p>\n<p><strong>Mesures<\/strong><br \/>\n<em>Mini: mm 658 x 270 x H 650<\/em>[\/vc_column_text][\/vc_column_inner][vc_column_inner width=\u00a0\u00bb1\/2&Prime;][vc_single_image image=\u00a0\u00bb2656&Prime; img_size=\u00a0\u00bbfull\u00a0\u00bb alignment=\u00a0\u00bbcenter\u00a0\u00bb onclick=\u00a0\u00bblink_image\u00a0\u00bb css=\u00a0\u00bb\u00a0\u00bb][\/vc_column_inner][\/vc_row_inner][vc_separator][vc_row_inner][vc_column_inner width=\u00a0\u00bb1\/2&Prime;][vc_column_text]<\/p>\n<h1>Midi<\/h1>\n<p>Armoire de taille moyenne, elle convient aux syst\u00e8mes hydrauliques avec options sp\u00e9ciales ou aux installations<\/p>\n<p>\u00e9lectriques \u00e0 puissance r\u00e9duite. Il est \u00e9galement possible d\u2019int\u00e9grer la force motrice \u00e0 cette armoire (DTU),<\/p>\n<p>ce qui permet de la placer dans des environnements restreints dans lequel se trouve normalement l\u2019unit\u00e9<\/p>\n<p>de la centrale hydraulique.<\/p>\n<p><strong>Mesures<\/strong><br \/>\n<em>Midi: mm 808 x 270 x H 650<\/em>[\/vc_column_text][\/vc_column_inner][vc_column_inner width=\u00a0\u00bb1\/2&Prime;][vc_single_image image=\u00a0\u00bb2652&Prime; img_size=\u00a0\u00bbfull\u00a0\u00bb alignment=\u00a0\u00bbcenter\u00a0\u00bb onclick=\u00a0\u00bblink_image\u00a0\u00bb css=\u00a0\u00bb\u00a0\u00bb][\/vc_column_inner][\/vc_row_inner][vc_separator][vc_row_inner][vc_column_inner width=\u00a0\u00bb1\/2&Prime;][vc_column_text]<\/p>\n<h1>Standard<\/h1>\n<p>Armoire de taille standard id\u00e9ale pour les installations \u00e9lectriques de moyenne et grande puissance.<\/p>\n<p><strong>Mesures<\/strong><br \/>\n<em>Standard: mm 708 x 350 x H 1010<\/em>[\/vc_column_text][\/vc_column_inner][vc_column_inner width=\u00a0\u00bb1\/2&Prime;][vc_single_image image=\u00a0\u00bb2647&Prime; img_size=\u00a0\u00bbfull\u00a0\u00bb alignment=\u00a0\u00bbcenter\u00a0\u00bb onclick=\u00a0\u00bblink_image\u00a0\u00bb css=\u00a0\u00bb\u00a0\u00bb][\/vc_column_inner][\/vc_row_inner][\/vc_column][vc_column width=\u00a0\u00bb1\/4&Prime;][vc_single_image image=\u00a0\u00bb163&Prime; img_size=\u00a0\u00bbfull\u00a0\u00bb alignment=\u00a0\u00bbcenter\u00a0\u00bb onclick=\u00a0\u00bblink_image\u00a0\u00bb image_hovers=\u00a0\u00bbfalse\u00a0\u00bb lazy_loading=\u00a0\u00bbtrue\u00a0\u00bb][\/vc_column][\/vc_row]<\/p>\n<\/div>","protected":false},"excerpt":{"rendered":"<p>[vc_row full_width=\u00a0\u00bbstretch_row\u00a0\u00bb bg_type=\u00a0\u00bbimage\u00a0\u00bb parallax_style=\u00a0\u00bbvcpb-default\u00a0\u00bb bg_image_new=\u00a0\u00bbid^1565|url^https:\/\/www.securlift.com\/wp-content\/uploads\/2019\/09\/bg_machine-room.jpg|caption^null|alt^null|title^bg_machine-room|description^null\u00a0\u00bb bg_image_repeat=\u00a0\u00bbno-repeat\u00a0\u00bb][vc_column][\/vc_column][\/vc_row][vc_row][vc_column width=\u00a0\u00bb3\/4&Prime;][vc_row_inner][vc_column_inner width=\u00a0\u00bb1\/2&Prime;][vc_column_text] Mini Armoire de dimensions r\u00e9duit, adapt\u00e9e aux installations hydrauliques n\u00e9cessitant d\u2019un encombrement minime. Cette armoire est adapt\u00e9e pour les les installations hydrauliques n\u00e9cessitant un encombrement minimal. L\u2019option d\u2019int\u00e9grer la force motrice directement sur la face avant de l&rsquo;armoire, rend possible le placement de l\u2019armoire de manoeuvre dans&hellip;<\/p>\n","protected":false},"author":1,"featured_media":0,"parent":1778,"menu_order":0,"comment_status":"closed","ping_status":"closed","template":"","meta":{"footnotes":""},"class_list":["post-1782","page","type-page","status-publish","hentry","description-off"],"yoast_head":"<!-- This site is optimized with the Yoast SEO plugin v23.1 - https:\/\/yoast.com\/wordpress\/plugins\/seo\/ -->\n<title>Machine Room - Securlift<\/title>\n<meta name=\"robots\" content=\"index, follow, max-snippet:-1, max-image-preview:large, max-video-preview:-1\" \/>\n<link rel=\"canonical\" href=\"https:\/\/www.securlift.com\/fr\/control-panels\/machine-room\/\" \/>\n<meta property=\"og:locale\" content=\"fr_FR\" \/>\n<meta property=\"og:type\" content=\"article\" \/>\n<meta property=\"og:title\" content=\"Machine Room - Securlift\" \/>\n<meta property=\"og:description\" content=\"[vc_row full_width=\u00a0\u00bbstretch_row\u00a0\u00bb bg_type=\u00a0\u00bbimage\u00a0\u00bb parallax_style=\u00a0\u00bbvcpb-default\u00a0\u00bb bg_image_new=\u00a0\u00bbid^1565|url^https:\/\/www.securlift.com\/wp-content\/uploads\/2019\/09\/bg_machine-room.jpg|caption^null|alt^null|title^bg_machine-room|description^null\u00a0\u00bb bg_image_repeat=\u00a0\u00bbno-repeat\u00a0\u00bb][vc_column][\/vc_column][\/vc_row][vc_row][vc_column width=\u00a0\u00bb3\/4&Prime;][vc_row_inner][vc_column_inner width=\u00a0\u00bb1\/2&Prime;][vc_column_text] Mini Armoire de dimensions r\u00e9duit, adapt\u00e9e aux installations hydrauliques n\u00e9cessitant d\u2019un encombrement minime. Cette armoire est adapt\u00e9e pour les les installations hydrauliques n\u00e9cessitant un encombrement minimal. L\u2019option d\u2019int\u00e9grer la force motrice directement sur la face avant de l&rsquo;armoire, rend possible le placement de l\u2019armoire de manoeuvre dans&hellip;\" \/>\n<meta property=\"og:url\" content=\"https:\/\/www.securlift.com\/fr\/control-panels\/machine-room\/\" \/>\n<meta property=\"og:site_name\" content=\"Securlift\" \/>\n<meta property=\"article:publisher\" content=\"https:\/\/www.facebook.com\/securliftdigitalcontrollers\/\" \/>\n<meta property=\"article:modified_time\" content=\"2024-07-24T12:14:38+00:00\" \/>\n<meta name=\"twitter:card\" content=\"summary_large_image\" \/>\n<meta name=\"twitter:label1\" content=\"Dur\u00e9e de lecture estim\u00e9e\" \/>\n\t<meta name=\"twitter:data1\" content=\"2 minutes\" \/>\n<script type=\"application\/ld+json\" class=\"yoast-schema-graph\">{\"@context\":\"https:\/\/schema.org\",\"@graph\":[{\"@type\":\"WebPage\",\"@id\":\"https:\/\/www.securlift.com\/fr\/control-panels\/machine-room\/\",\"url\":\"https:\/\/www.securlift.com\/fr\/control-panels\/machine-room\/\",\"name\":\"Machine Room - Securlift\",\"isPartOf\":{\"@id\":\"https:\/\/www.securlift.com\/#website\"},\"datePublished\":\"2019-01-24T12:44:03+00:00\",\"dateModified\":\"2024-07-24T12:14:38+00:00\",\"breadcrumb\":{\"@id\":\"https:\/\/www.securlift.com\/fr\/control-panels\/machine-room\/#breadcrumb\"},\"inLanguage\":\"fr-FR\",\"potentialAction\":[{\"@type\":\"ReadAction\",\"target\":[\"https:\/\/www.securlift.com\/fr\/control-panels\/machine-room\/\"]}]},{\"@type\":\"BreadcrumbList\",\"@id\":\"https:\/\/www.securlift.com\/fr\/control-panels\/machine-room\/#breadcrumb\",\"itemListElement\":[{\"@type\":\"ListItem\",\"position\":1,\"name\":\"Home\",\"item\":\"https:\/\/www.securlift.com\/fr\/\"},{\"@type\":\"ListItem\",\"position\":2,\"name\":\"Tableau de manoeuvre pour ascenseurs\",\"item\":\"https:\/\/www.securlift.com\/fr\/control-panels\/\"},{\"@type\":\"ListItem\",\"position\":3,\"name\":\"Machine Room\"}]},{\"@type\":\"WebSite\",\"@id\":\"https:\/\/www.securlift.com\/#website\",\"url\":\"https:\/\/www.securlift.com\/\",\"name\":\"Securlift\",\"description\":\"\",\"publisher\":{\"@id\":\"https:\/\/www.securlift.com\/#organization\"},\"potentialAction\":[{\"@type\":\"SearchAction\",\"target\":{\"@type\":\"EntryPoint\",\"urlTemplate\":\"https:\/\/www.securlift.com\/?s={search_term_string}\"},\"query-input\":\"required name=search_term_string\"}],\"inLanguage\":\"fr-FR\"},{\"@type\":\"Organization\",\"@id\":\"https:\/\/www.securlift.com\/#organization\",\"name\":\"Securlift Sagl\",\"url\":\"https:\/\/www.securlift.com\/\",\"logo\":{\"@type\":\"ImageObject\",\"inLanguage\":\"fr-FR\",\"@id\":\"https:\/\/www.securlift.com\/#\/schema\/logo\/image\/\",\"url\":\"https:\/\/www.securlift.com\/wp-content\/uploads\/2019\/01\/Securlift_Logo_w600.png\",\"contentUrl\":\"https:\/\/www.securlift.com\/wp-content\/uploads\/2019\/01\/Securlift_Logo_w600.png\",\"width\":600,\"height\":84,\"caption\":\"Securlift Sagl\"},\"image\":{\"@id\":\"https:\/\/www.securlift.com\/#\/schema\/logo\/image\/\"},\"sameAs\":[\"https:\/\/www.facebook.com\/securliftdigitalcontrollers\/\",\"https:\/\/www.linkedin.com\/company\/securlift-sagl\"]}]}<\/script>\n<!-- \/ Yoast SEO plugin. -->","yoast_head_json":{"title":"Machine Room - Securlift","robots":{"index":"index","follow":"follow","max-snippet":"max-snippet:-1","max-image-preview":"max-image-preview:large","max-video-preview":"max-video-preview:-1"},"canonical":"https:\/\/www.securlift.com\/fr\/control-panels\/machine-room\/","og_locale":"fr_FR","og_type":"article","og_title":"Machine Room - Securlift","og_description":"[vc_row full_width=\u00a0\u00bbstretch_row\u00a0\u00bb bg_type=\u00a0\u00bbimage\u00a0\u00bb parallax_style=\u00a0\u00bbvcpb-default\u00a0\u00bb bg_image_new=\u00a0\u00bbid^1565|url^https:\/\/www.securlift.com\/wp-content\/uploads\/2019\/09\/bg_machine-room.jpg|caption^null|alt^null|title^bg_machine-room|description^null\u00a0\u00bb bg_image_repeat=\u00a0\u00bbno-repeat\u00a0\u00bb][vc_column][\/vc_column][\/vc_row][vc_row][vc_column width=\u00a0\u00bb3\/4&Prime;][vc_row_inner][vc_column_inner width=\u00a0\u00bb1\/2&Prime;][vc_column_text] Mini Armoire de dimensions r\u00e9duit, adapt\u00e9e aux installations hydrauliques n\u00e9cessitant d\u2019un encombrement minime. Cette armoire est adapt\u00e9e pour les les installations hydrauliques n\u00e9cessitant un encombrement minimal. L\u2019option d\u2019int\u00e9grer la force motrice directement sur la face avant de l&rsquo;armoire, rend possible le placement de l\u2019armoire de manoeuvre dans&hellip;","og_url":"https:\/\/www.securlift.com\/fr\/control-panels\/machine-room\/","og_site_name":"Securlift","article_publisher":"https:\/\/www.facebook.com\/securliftdigitalcontrollers\/","article_modified_time":"2024-07-24T12:14:38+00:00","twitter_card":"summary_large_image","twitter_misc":{"Dur\u00e9e de lecture estim\u00e9e":"2 minutes"},"schema":{"@context":"https:\/\/schema.org","@graph":[{"@type":"WebPage","@id":"https:\/\/www.securlift.com\/fr\/control-panels\/machine-room\/","url":"https:\/\/www.securlift.com\/fr\/control-panels\/machine-room\/","name":"Machine Room - Securlift","isPartOf":{"@id":"https:\/\/www.securlift.com\/#website"},"datePublished":"2019-01-24T12:44:03+00:00","dateModified":"2024-07-24T12:14:38+00:00","breadcrumb":{"@id":"https:\/\/www.securlift.com\/fr\/control-panels\/machine-room\/#breadcrumb"},"inLanguage":"fr-FR","potentialAction":[{"@type":"ReadAction","target":["https:\/\/www.securlift.com\/fr\/control-panels\/machine-room\/"]}]},{"@type":"BreadcrumbList","@id":"https:\/\/www.securlift.com\/fr\/control-panels\/machine-room\/#breadcrumb","itemListElement":[{"@type":"ListItem","position":1,"name":"Home","item":"https:\/\/www.securlift.com\/fr\/"},{"@type":"ListItem","position":2,"name":"Tableau de manoeuvre pour ascenseurs","item":"https:\/\/www.securlift.com\/fr\/control-panels\/"},{"@type":"ListItem","position":3,"name":"Machine Room"}]},{"@type":"WebSite","@id":"https:\/\/www.securlift.com\/#website","url":"https:\/\/www.securlift.com\/","name":"Securlift","description":"","publisher":{"@id":"https:\/\/www.securlift.com\/#organization"},"potentialAction":[{"@type":"SearchAction","target":{"@type":"EntryPoint","urlTemplate":"https:\/\/www.securlift.com\/?s={search_term_string}"},"query-input":"required name=search_term_string"}],"inLanguage":"fr-FR"},{"@type":"Organization","@id":"https:\/\/www.securlift.com\/#organization","name":"Securlift Sagl","url":"https:\/\/www.securlift.com\/","logo":{"@type":"ImageObject","inLanguage":"fr-FR","@id":"https:\/\/www.securlift.com\/#\/schema\/logo\/image\/","url":"https:\/\/www.securlift.com\/wp-content\/uploads\/2019\/01\/Securlift_Logo_w600.png","contentUrl":"https:\/\/www.securlift.com\/wp-content\/uploads\/2019\/01\/Securlift_Logo_w600.png","width":600,"height":84,"caption":"Securlift Sagl"},"image":{"@id":"https:\/\/www.securlift.com\/#\/schema\/logo\/image\/"},"sameAs":["https:\/\/www.facebook.com\/securliftdigitalcontrollers\/","https:\/\/www.linkedin.com\/company\/securlift-sagl"]}]}},"_links":{"self":[{"href":"https:\/\/www.securlift.com\/fr\/wp-json\/wp\/v2\/pages\/1782"}],"collection":[{"href":"https:\/\/www.securlift.com\/fr\/wp-json\/wp\/v2\/pages"}],"about":[{"href":"https:\/\/www.securlift.com\/fr\/wp-json\/wp\/v2\/types\/page"}],"author":[{"embeddable":true,"href":"https:\/\/www.securlift.com\/fr\/wp-json\/wp\/v2\/users\/1"}],"replies":[{"embeddable":true,"href":"https:\/\/www.securlift.com\/fr\/wp-json\/wp\/v2\/comments?post=1782"}],"version-history":[{"count":5,"href":"https:\/\/www.securlift.com\/fr\/wp-json\/wp\/v2\/pages\/1782\/revisions"}],"predecessor-version":[{"id":2665,"href":"https:\/\/www.securlift.com\/fr\/wp-json\/wp\/v2\/pages\/1782\/revisions\/2665"}],"up":[{"embeddable":true,"href":"https:\/\/www.securlift.com\/fr\/wp-json\/wp\/v2\/pages\/1778"}],"wp:attachment":[{"href":"https:\/\/www.securlift.com\/fr\/wp-json\/wp\/v2\/media?parent=1782"}],"curies":[{"name":"wp","href":"https:\/\/api.w.org\/{rel}","templated":true}]}}