{"id":1765,"date":"2019-10-09T11:35:41","date_gmt":"2019-10-09T09:35:41","guid":{"rendered":"http:\/\/www2.securlift.com\/?page_id=1765"},"modified":"2024-07-24T11:45:07","modified_gmt":"2024-07-24T09:45:07","slug":"about","status":"publish","type":"page","link":"https:\/\/www.securlift.com\/fr\/about\/","title":{"rendered":"Qui somme-nous"},"content":{"rendered":"<div class=\"wpb-content-wrapper\"><p>[vc_row full_width=\u00a0\u00bbstretch_row\u00a0\u00bb bg_type=\u00a0\u00bbimage\u00a0\u00bb parallax_style=\u00a0\u00bbvcpb-default\u00a0\u00bb bg_image_new=\u00a0\u00bbid^813|url^https:\/\/www.securlift.com\/wp-content\/uploads\/2019\/06\/bg_header_03.jpg|caption^null|alt^null|title^bg_header_03|description^null\u00a0\u00bb bg_image_repeat=\u00a0\u00bbno-repeat\u00a0\u00bb][vc_column]<div class=\"ult-spacer spacer-69f6037899825\" data-id=\"69f6037899825\" data-height=\"300\" data-height-mobile=\"100\" data-height-tab=\"200\" data-height-tab-portrait=\"200\" data-height-mobile-landscape=\"100\" style=\"clear:both;display:block;\"><\/div>[\/vc_column][\/vc_row][vc_row bg_type=\u00a0\u00bbbg_color\u00a0\u00bb seperator_enable=\u00a0\u00bbseperator_enable_value\u00a0\u00bb seperator_type=\u00a0\u00bbxlarge_triangle_seperator\u00a0\u00bb seperator_position=\u00a0\u00bbbottom_seperator\u00a0\u00bb seperator_svg_height=\u00a0\u00bb50&Prime; seperator_shape_background=\u00a0\u00bb#ffffff\u00a0\u00bb bg_color_value=\u00a0\u00bb#ef712c\u00a0\u00bb css=\u00a0\u00bb.vc_custom_1560341627674{padding-bottom: 50px !important;}\u00a0\u00bb][vc_column][vc_column_text]<div id=\"wpfp_cd0678e2a593ae5ab41756d52adc0c67\" data-item=\"{&quot;sources&quot;:[{&quot;src&quot;:&quot;https:\\\/\\\/www.securlift.com\\\/wp-content\\\/uploads\\\/2019\\\/07\\\/Securlift_2019.mp4&quot;,&quot;type&quot;:&quot;video\\\/mp4&quot;},{&quot;src&quot;:&quot;https:\\\/\\\/www.securlift.com\\\/wp-content\\\/uploads\\\/2019\\\/07\\\/Securlift_2019.webm&quot;,&quot;type&quot;:&quot;video\\\/webm&quot;}],&quot;id&quot;:&quot;1&quot;,&quot;splash&quot;:&quot;Sec-GB-adm&quot;}\" class=\"flowplayer no-brand is-splash is-paused skin-slim no-svg fp-slim fp-edgy\" data-fvautoplay=\"0\" style=\"position:relative; max-width: 640px; max-height: 360px; \" data-ratio=\"0.5625\">\n\t<div class=\"fp-ratio\" style=\"padding-top: 56.25%\"><\/div>\n\t<img decoding=\"async\" class=\"fp-splash\" alt=\"video\" src=\"Sec-GB-adm\" style=\"position:absolute;top:0;width:100%\" \/>\n\t<div class=\"fp-ui\"><noscript>Please enable JavaScript<\/noscript><div class=\"fp-play fp-visible\"><svg class=\"fp-play-sharp-fill\" xmlns=\"http:\/\/www.w3.org\/2000\/svg\" viewBox=\"0 0 100 100\"><defs><style>.fp-color-play{opacity:0.65;}.controlbutton{fill:#fff;}<\/style><\/defs><title>play-sharp-fill<\/title><path class=\"fp-color-play\" d=\"M49.9217-.078a50,50,0,1,0,50,50A50.0564,50.0564,0,0,0,49.9217-.078Z\"\/><polygon class=\"controlbutton\" points=\"73.601 50 37.968 70.573 37.968 29.427 73.601 50\" filter=\"url(#f1)\"\/><\/svg><\/div><div class=\"fp-preload\"><b><\/b><b><\/b><b><\/b><b><\/b><\/div><\/div>\n<div class='fvp-share-bar'><ul class=\"fvp-sharing\">\r\n    <li><a class=\"sharing-facebook\" href=\"https:\/\/www.facebook.com\/sharer\/sharer.php?u=https%3A%2F%2Fwww.securlift.com%2Ffr%2Fabout%2F\" target=\"_blank\"><\/a><\/li>\r\n    <li><a class=\"sharing-twitter\" href=\"https:\/\/twitter.com\/intent\/tweet?text=Securlift+&url=https%3A%2F%2Fwww.securlift.com%2Ffr%2Fabout%2F\" target=\"_blank\"><\/a><\/li>\r\n    <li><a class=\"sharing-email\" href=\"mailto:?body=Check%20out%20the%20amazing%20video%20here%3A%20https%3A%2F%2Fwww.securlift.com%2Ffr%2Fabout%2F\" target=\"_blank\"><\/a><\/li><\/ul><\/div>\n<\/div>\n[\/vc_column_text][\/vc_column][\/vc_row][vc_row][vc_column width=\u00a0\u00bb2\/3&Prime;][vc_column_text]<\/p>\n<h1>L&rsquo;entreprise<\/h1>\n<p>Depuis pr\u00e8s de cinquante ans le groupe Falconi est synonyme de fiabilit\u00e9 et de connaissance approfondie de l\u2019industrie des ascenseurs.<br \/>\nConcessionnaire pour la Suisse de FIAM Ascenseurs, avec ASCENSA Lift au d\u00e9but des ann\u00e9es 60, pionnier dans l\u2019UPS, avec IWATEC, en 1997, cr\u00e9e Securilift, une nouvelle page de professionnalisme et de technologie dans le monde des<br \/>\nascenseurs.<br \/>\nLa soci\u00e9t\u00e9 est un leader europ\u00e9en dans la conception et la fabrication de l\u2019armoire de manoeuvre digitale, du pr\u00e9-c\u00e2blage et des bo\u00eetes \u00e0 bouton pour les ascenseurs.<br \/>\n<em><strong>L\u2019objectif de Securlift est d\u2019\u00eatre le partenaire le plus professionnel, fiable et <\/strong><\/em><em><strong>innovateur dans les syst\u00e8mes \u00e9lectriques et \u00e9lectroniques pour toutes les grandes <\/strong><\/em><em><strong>entreprises europ\u00e9ennes d\u2019ascenseurs.<\/strong><\/em>[\/vc_column_text][\/vc_column][vc_column width=\u00a0\u00bb1\/3&Prime;][vc_single_image image=\u00a0\u00bb97&Prime; img_size=\u00a0\u00bbfull\u00a0\u00bb alignment=\u00a0\u00bbcenter\u00a0\u00bb image_hovers=\u00a0\u00bbfalse\u00a0\u00bb lazy_loading=\u00a0\u00bbtrue\u00a0\u00bb][\/vc_column][\/vc_row][vc_row][vc_column width=\u00a0\u00bb2\/3&Prime;][vc_column_text]<\/p>\n<h1>Structure<\/h1>\n<p>Le si\u00e8ge social est situ\u00e9 en Suisse, \u00e0 Morbio Inferiore. Ici se trouvent les bureaux, l\u2019unit\u00e9 de recherche et d\u00e9veloppement et l\u2019enti\u00e8re unit\u00e9 de production.<br \/>\nEn 2002 est n\u00e9e la premi\u00e8re filiale \u00e9trang\u00e8re pour se rapprocher de l\u2019important march\u00e9 europ\u00e9en d\u2019o\u00f9 ils s\u2019effectuent toutes les exp\u00e9ditions vers l\u2019Italie et vers les march\u00e9s europ\u00e9ens.<br \/>\nEn 2008 ouvre le premier show-room en Suisse Al\u00e9manique et \u00e0 ce jour plus que 30.000 installations en Europe sont \u00e9quip\u00e9es de composants Securlift.[\/vc_column_text][\/vc_column][vc_column width=\u00a0\u00bb1\/3&Prime;][vc_single_image image=\u00a0\u00bb101&Prime; img_size=\u00a0\u00bbfull\u00a0\u00bb alignment=\u00a0\u00bbcenter\u00a0\u00bb image_hovers=\u00a0\u00bbfalse\u00a0\u00bb lazy_loading=\u00a0\u00bbtrue\u00a0\u00bb][\/vc_column][\/vc_row][vc_row][vc_column][vc_single_image image=\u00a0\u00bb2614&Prime; img_size=\u00a0\u00bbfull\u00a0\u00bb alignment=\u00a0\u00bbcenter\u00a0\u00bb onclick=\u00a0\u00bblink_image\u00a0\u00bb css=\u00a0\u00bb\u00a0\u00bb image_hovers=\u00a0\u00bbfalse\u00a0\u00bb lazy_loading=\u00a0\u00bbtrue\u00a0\u00bb][\/vc_column][\/vc_row][vc_row gap=\u00a0\u00bb5&Prime; equal_height=\u00a0\u00bbyes\u00a0\u00bb content_placement=\u00a0\u00bbtop\u00a0\u00bb][vc_column width=\u00a0\u00bb1\/3&Prime; css=\u00a0\u00bb.vc_custom_1548332920346{background-color: rgba(141,142,140,0.23) !important;*background-color: rgb(141,142,140) !important;}\u00a0\u00bb][vc_single_image image=\u00a0\u00bb2167&Prime; img_size=\u00a0\u00bbfull\u00a0\u00bb alignment=\u00a0\u00bbcenter\u00a0\u00bb image_hovers=\u00a0\u00bbfalse\u00a0\u00bb lazy_loading=\u00a0\u00bbtrue\u00a0\u00bb][vc_column_text]<\/p>\n<h3>Qualit\u00e9 et Ecologie<\/h3>\n<p>Securlift est fid\u00e8le aux principes de la qualit\u00e9 Suisse, dans le but de fournir un produit fiable et durable.<br \/>\nLa qualit\u00e9 recherch\u00e9e commence par un choix judicieux des fournisseurs et de leurs produits, se poursuit par un processus de production rigoureux et se termine<br \/>\npar des tests informatis\u00e9s qui garantissent l&rsquo;absence de d\u00e9fauts et un fonctionnement parfait de l&rsquo;ensemble du syst\u00e8me.<br \/>\nS\u00fbr de la qualit\u00e9 de ses propres produits, Securlift offre une garantie de deux ans.<br \/>\nSecurlift se caract\u00e9rise \u00e9galement par une forte conscience environnementale.[\/vc_column_text][\/vc_column][vc_column width=\u00a0\u00bb1\/3&Prime; css=\u00a0\u00bb.vc_custom_1548332969343{background-color: rgba(141,142,140,0.23) !important;*background-color: rgb(141,142,140) !important;}\u00a0\u00bb][vc_single_image image=\u00a0\u00bb124&Prime; img_size=\u00a0\u00bbfull\u00a0\u00bb alignment=\u00a0\u00bbcenter\u00a0\u00bb image_hovers=\u00a0\u00bbfalse\u00a0\u00bb lazy_loading=\u00a0\u00bbtrue\u00a0\u00bb][vc_column_text]<\/p>\n<h3>Recherche et d\u00e9veloppement<\/h3>\n<p>Le produit Securlift se d\u00e9marque par sa technologie de pointe au niveau europ\u00e9en, le r\u00e9sultat d\u2019ann\u00e9es de recherche.<br \/>\nLe d\u00e9partement de recherche et d\u00e9veloppement de Securlift dispose de meilleurs techniciens et ing\u00e9nieurs et d\u2019un laboratoire qui produit tous les composants<br \/>\n\u00e9lectriques et \u00e9lectroniques de l\u2019installation. Le Know-how technologique en \u00e9lectronique et en informatique est des plus raffin\u00e9s, gr\u00e2ce \u00e0 la formation continue et<br \/>\nla coop\u00e9ration avec des fournisseurs s\u00e9lectionn\u00e9s et des organismes universitaires.[\/vc_column_text][\/vc_column][vc_column width=\u00a0\u00bb1\/3&Prime; css=\u00a0\u00bb.vc_custom_1549977536726{background-color: rgba(141,142,140,0.23) !important;*background-color: rgb(141,142,140) !important;}\u00a0\u00bb][vc_single_image image=\u00a0\u00bb116&Prime; img_size=\u00a0\u00bbfull\u00a0\u00bb alignment=\u00a0\u00bbcenter\u00a0\u00bb image_hovers=\u00a0\u00bbfalse\u00a0\u00bb lazy_loading=\u00a0\u00bbtrue\u00a0\u00bb][vc_column_text]<\/p>\n<h3>Services<\/h3>\n<p>Notre service clients, ponctuel, efficace et pr\u00e9cis, il accompagne les clients dans<br \/>\ntoutes les phases de la commande, avant et apr\u00e8s-vente.<br \/>\nL&rsquo;exp\u00e9rience et le professionnalisme de notre personnel garantissent une<br \/>\nassistance technique efficace dans les diff\u00e9rentes phases de conception,<br \/>\nd&rsquo;installation et de maintenance.<br \/>\nEn outre, des cours sont organis\u00e9s pour le personnel technique de nos clients \u00e0<br \/>\nnotre si\u00e8ge.[\/vc_column_text][\/vc_column][\/vc_row]<\/p>\n<\/div>","protected":false},"excerpt":{"rendered":"<p>[vc_row full_width=\u00a0\u00bbstretch_row\u00a0\u00bb bg_type=\u00a0\u00bbimage\u00a0\u00bb parallax_style=\u00a0\u00bbvcpb-default\u00a0\u00bb bg_image_new=\u00a0\u00bbid^813|url^https:\/\/www.securlift.com\/wp-content\/uploads\/2019\/06\/bg_header_03.jpg|caption^null|alt^null|title^bg_header_03|description^null\u00a0\u00bb bg_image_repeat=\u00a0\u00bbno-repeat\u00a0\u00bb][vc_column][\/vc_column][\/vc_row][vc_row bg_type=\u00a0\u00bbbg_color\u00a0\u00bb seperator_enable=\u00a0\u00bbseperator_enable_value\u00a0\u00bb seperator_type=\u00a0\u00bbxlarge_triangle_seperator\u00a0\u00bb seperator_position=\u00a0\u00bbbottom_seperator\u00a0\u00bb seperator_svg_height=\u00a0\u00bb50&Prime; seperator_shape_background=\u00a0\u00bb#ffffff\u00a0\u00bb bg_color_value=\u00a0\u00bb#ef712c\u00a0\u00bb css=\u00a0\u00bb.vc_custom_1560341627674{padding-bottom: 50px !important;}\u00a0\u00bb][vc_column][vc_column_text][\/vc_column_text][\/vc_column][\/vc_row][vc_row][vc_column width=\u00a0\u00bb2\/3&Prime;][vc_column_text] L&rsquo;entreprise Depuis pr\u00e8s de cinquante ans le groupe Falconi est synonyme de fiabilit\u00e9 et de connaissance approfondie de l\u2019industrie des ascenseurs. Concessionnaire pour la Suisse de FIAM Ascenseurs, avec ASCENSA Lift au d\u00e9but des ann\u00e9es 60, pionnier dans&hellip;<\/p>\n","protected":false},"author":1,"featured_media":0,"parent":0,"menu_order":0,"comment_status":"closed","ping_status":"closed","template":"","meta":{"footnotes":""},"class_list":["post-1765","page","type-page","status-publish","hentry","description-off"],"yoast_head":"<!-- This site is optimized with the Yoast SEO plugin v23.1 - https:\/\/yoast.com\/wordpress\/plugins\/seo\/ -->\n<title>Qui somme-nous - Securlift<\/title>\n<meta name=\"robots\" content=\"index, follow, max-snippet:-1, max-image-preview:large, max-video-preview:-1\" \/>\n<link rel=\"canonical\" href=\"https:\/\/www.securlift.com\/fr\/about\/\" \/>\n<meta property=\"og:locale\" content=\"fr_FR\" \/>\n<meta property=\"og:type\" content=\"article\" \/>\n<meta property=\"og:title\" content=\"Qui somme-nous - Securlift\" \/>\n<meta property=\"og:description\" content=\"[vc_row full_width=\u00a0\u00bbstretch_row\u00a0\u00bb bg_type=\u00a0\u00bbimage\u00a0\u00bb parallax_style=\u00a0\u00bbvcpb-default\u00a0\u00bb bg_image_new=\u00a0\u00bbid^813|url^https:\/\/www.securlift.com\/wp-content\/uploads\/2019\/06\/bg_header_03.jpg|caption^null|alt^null|title^bg_header_03|description^null\u00a0\u00bb bg_image_repeat=\u00a0\u00bbno-repeat\u00a0\u00bb][vc_column][\/vc_column][\/vc_row][vc_row bg_type=\u00a0\u00bbbg_color\u00a0\u00bb seperator_enable=\u00a0\u00bbseperator_enable_value\u00a0\u00bb seperator_type=\u00a0\u00bbxlarge_triangle_seperator\u00a0\u00bb seperator_position=\u00a0\u00bbbottom_seperator\u00a0\u00bb seperator_svg_height=\u00a0\u00bb50&Prime; seperator_shape_background=\u00a0\u00bb#ffffff\u00a0\u00bb bg_color_value=\u00a0\u00bb#ef712c\u00a0\u00bb css=\u00a0\u00bb.vc_custom_1560341627674{padding-bottom: 50px !important;}\u00a0\u00bb][vc_column][vc_column_text][\/vc_column_text][\/vc_column][\/vc_row][vc_row][vc_column width=\u00a0\u00bb2\/3&Prime;][vc_column_text] L&rsquo;entreprise Depuis pr\u00e8s de cinquante ans le groupe Falconi est synonyme de fiabilit\u00e9 et de connaissance approfondie de l\u2019industrie des ascenseurs. Concessionnaire pour la Suisse de FIAM Ascenseurs, avec ASCENSA Lift au d\u00e9but des ann\u00e9es 60, pionnier dans&hellip;\" \/>\n<meta property=\"og:url\" content=\"https:\/\/www.securlift.com\/fr\/about\/\" \/>\n<meta property=\"og:site_name\" content=\"Securlift\" \/>\n<meta property=\"article:publisher\" content=\"https:\/\/www.facebook.com\/securliftdigitalcontrollers\/\" \/>\n<meta property=\"article:modified_time\" content=\"2024-07-24T09:45:07+00:00\" \/>\n<meta name=\"twitter:card\" content=\"summary_large_image\" \/>\n<meta name=\"twitter:label1\" content=\"Dur\u00e9e de lecture estim\u00e9e\" \/>\n\t<meta name=\"twitter:data1\" content=\"3 minutes\" \/>\n<script type=\"application\/ld+json\" class=\"yoast-schema-graph\">{\"@context\":\"https:\/\/schema.org\",\"@graph\":[{\"@type\":\"WebPage\",\"@id\":\"https:\/\/www.securlift.com\/fr\/about\/\",\"url\":\"https:\/\/www.securlift.com\/fr\/about\/\",\"name\":\"Qui somme-nous - Securlift\",\"isPartOf\":{\"@id\":\"https:\/\/www.securlift.com\/#website\"},\"datePublished\":\"2019-10-09T09:35:41+00:00\",\"dateModified\":\"2024-07-24T09:45:07+00:00\",\"breadcrumb\":{\"@id\":\"https:\/\/www.securlift.com\/fr\/about\/#breadcrumb\"},\"inLanguage\":\"fr-FR\",\"potentialAction\":[{\"@type\":\"ReadAction\",\"target\":[\"https:\/\/www.securlift.com\/fr\/about\/\"]}]},{\"@type\":\"BreadcrumbList\",\"@id\":\"https:\/\/www.securlift.com\/fr\/about\/#breadcrumb\",\"itemListElement\":[{\"@type\":\"ListItem\",\"position\":1,\"name\":\"Home\",\"item\":\"https:\/\/www.securlift.com\/fr\/\"},{\"@type\":\"ListItem\",\"position\":2,\"name\":\"Qui somme-nous\"}]},{\"@type\":\"WebSite\",\"@id\":\"https:\/\/www.securlift.com\/#website\",\"url\":\"https:\/\/www.securlift.com\/\",\"name\":\"Securlift\",\"description\":\"\",\"publisher\":{\"@id\":\"https:\/\/www.securlift.com\/#organization\"},\"potentialAction\":[{\"@type\":\"SearchAction\",\"target\":{\"@type\":\"EntryPoint\",\"urlTemplate\":\"https:\/\/www.securlift.com\/?s={search_term_string}\"},\"query-input\":\"required name=search_term_string\"}],\"inLanguage\":\"fr-FR\"},{\"@type\":\"Organization\",\"@id\":\"https:\/\/www.securlift.com\/#organization\",\"name\":\"Securlift Sagl\",\"url\":\"https:\/\/www.securlift.com\/\",\"logo\":{\"@type\":\"ImageObject\",\"inLanguage\":\"fr-FR\",\"@id\":\"https:\/\/www.securlift.com\/#\/schema\/logo\/image\/\",\"url\":\"https:\/\/www.securlift.com\/wp-content\/uploads\/2019\/01\/Securlift_Logo_w600.png\",\"contentUrl\":\"https:\/\/www.securlift.com\/wp-content\/uploads\/2019\/01\/Securlift_Logo_w600.png\",\"width\":600,\"height\":84,\"caption\":\"Securlift Sagl\"},\"image\":{\"@id\":\"https:\/\/www.securlift.com\/#\/schema\/logo\/image\/\"},\"sameAs\":[\"https:\/\/www.facebook.com\/securliftdigitalcontrollers\/\",\"https:\/\/www.linkedin.com\/company\/securlift-sagl\"]}]}<\/script>\n<!-- \/ Yoast SEO plugin. -->","yoast_head_json":{"title":"Qui somme-nous - Securlift","robots":{"index":"index","follow":"follow","max-snippet":"max-snippet:-1","max-image-preview":"max-image-preview:large","max-video-preview":"max-video-preview:-1"},"canonical":"https:\/\/www.securlift.com\/fr\/about\/","og_locale":"fr_FR","og_type":"article","og_title":"Qui somme-nous - Securlift","og_description":"[vc_row full_width=\u00a0\u00bbstretch_row\u00a0\u00bb bg_type=\u00a0\u00bbimage\u00a0\u00bb parallax_style=\u00a0\u00bbvcpb-default\u00a0\u00bb bg_image_new=\u00a0\u00bbid^813|url^https:\/\/www.securlift.com\/wp-content\/uploads\/2019\/06\/bg_header_03.jpg|caption^null|alt^null|title^bg_header_03|description^null\u00a0\u00bb bg_image_repeat=\u00a0\u00bbno-repeat\u00a0\u00bb][vc_column][\/vc_column][\/vc_row][vc_row bg_type=\u00a0\u00bbbg_color\u00a0\u00bb seperator_enable=\u00a0\u00bbseperator_enable_value\u00a0\u00bb seperator_type=\u00a0\u00bbxlarge_triangle_seperator\u00a0\u00bb seperator_position=\u00a0\u00bbbottom_seperator\u00a0\u00bb seperator_svg_height=\u00a0\u00bb50&Prime; seperator_shape_background=\u00a0\u00bb#ffffff\u00a0\u00bb bg_color_value=\u00a0\u00bb#ef712c\u00a0\u00bb css=\u00a0\u00bb.vc_custom_1560341627674{padding-bottom: 50px !important;}\u00a0\u00bb][vc_column][vc_column_text][\/vc_column_text][\/vc_column][\/vc_row][vc_row][vc_column width=\u00a0\u00bb2\/3&Prime;][vc_column_text] L&rsquo;entreprise Depuis pr\u00e8s de cinquante ans le groupe Falconi est synonyme de fiabilit\u00e9 et de connaissance approfondie de l\u2019industrie des ascenseurs. Concessionnaire pour la Suisse de FIAM Ascenseurs, avec ASCENSA Lift au d\u00e9but des ann\u00e9es 60, pionnier dans&hellip;","og_url":"https:\/\/www.securlift.com\/fr\/about\/","og_site_name":"Securlift","article_publisher":"https:\/\/www.facebook.com\/securliftdigitalcontrollers\/","article_modified_time":"2024-07-24T09:45:07+00:00","twitter_card":"summary_large_image","twitter_misc":{"Dur\u00e9e de lecture estim\u00e9e":"3 minutes"},"schema":{"@context":"https:\/\/schema.org","@graph":[{"@type":"WebPage","@id":"https:\/\/www.securlift.com\/fr\/about\/","url":"https:\/\/www.securlift.com\/fr\/about\/","name":"Qui somme-nous - Securlift","isPartOf":{"@id":"https:\/\/www.securlift.com\/#website"},"datePublished":"2019-10-09T09:35:41+00:00","dateModified":"2024-07-24T09:45:07+00:00","breadcrumb":{"@id":"https:\/\/www.securlift.com\/fr\/about\/#breadcrumb"},"inLanguage":"fr-FR","potentialAction":[{"@type":"ReadAction","target":["https:\/\/www.securlift.com\/fr\/about\/"]}]},{"@type":"BreadcrumbList","@id":"https:\/\/www.securlift.com\/fr\/about\/#breadcrumb","itemListElement":[{"@type":"ListItem","position":1,"name":"Home","item":"https:\/\/www.securlift.com\/fr\/"},{"@type":"ListItem","position":2,"name":"Qui somme-nous"}]},{"@type":"WebSite","@id":"https:\/\/www.securlift.com\/#website","url":"https:\/\/www.securlift.com\/","name":"Securlift","description":"","publisher":{"@id":"https:\/\/www.securlift.com\/#organization"},"potentialAction":[{"@type":"SearchAction","target":{"@type":"EntryPoint","urlTemplate":"https:\/\/www.securlift.com\/?s={search_term_string}"},"query-input":"required name=search_term_string"}],"inLanguage":"fr-FR"},{"@type":"Organization","@id":"https:\/\/www.securlift.com\/#organization","name":"Securlift Sagl","url":"https:\/\/www.securlift.com\/","logo":{"@type":"ImageObject","inLanguage":"fr-FR","@id":"https:\/\/www.securlift.com\/#\/schema\/logo\/image\/","url":"https:\/\/www.securlift.com\/wp-content\/uploads\/2019\/01\/Securlift_Logo_w600.png","contentUrl":"https:\/\/www.securlift.com\/wp-content\/uploads\/2019\/01\/Securlift_Logo_w600.png","width":600,"height":84,"caption":"Securlift Sagl"},"image":{"@id":"https:\/\/www.securlift.com\/#\/schema\/logo\/image\/"},"sameAs":["https:\/\/www.facebook.com\/securliftdigitalcontrollers\/","https:\/\/www.linkedin.com\/company\/securlift-sagl"]}]}},"_links":{"self":[{"href":"https:\/\/www.securlift.com\/fr\/wp-json\/wp\/v2\/pages\/1765"}],"collection":[{"href":"https:\/\/www.securlift.com\/fr\/wp-json\/wp\/v2\/pages"}],"about":[{"href":"https:\/\/www.securlift.com\/fr\/wp-json\/wp\/v2\/types\/page"}],"author":[{"embeddable":true,"href":"https:\/\/www.securlift.com\/fr\/wp-json\/wp\/v2\/users\/1"}],"replies":[{"embeddable":true,"href":"https:\/\/www.securlift.com\/fr\/wp-json\/wp\/v2\/comments?post=1765"}],"version-history":[{"count":8,"href":"https:\/\/www.securlift.com\/fr\/wp-json\/wp\/v2\/pages\/1765\/revisions"}],"predecessor-version":[{"id":2617,"href":"https:\/\/www.securlift.com\/fr\/wp-json\/wp\/v2\/pages\/1765\/revisions\/2617"}],"wp:attachment":[{"href":"https:\/\/www.securlift.com\/fr\/wp-json\/wp\/v2\/media?parent=1765"}],"curies":[{"name":"wp","href":"https:\/\/api.w.org\/{rel}","templated":true}]}}