{"id":1938,"date":"2019-05-20T15:08:30","date_gmt":"2019-05-20T13:08:30","guid":{"rendered":"http:\/\/www2.securlift.com\/control-panels\/options\/"},"modified":"2019-11-13T11:40:20","modified_gmt":"2019-11-13T10:40:20","slug":"options","status":"publish","type":"page","link":"https:\/\/www.securlift.com\/de\/control-panels\/options\/","title":{"rendered":"Optionen"},"content":{"rendered":"<div class=\"wpb-content-wrapper\"><p>[vc_row full_width=&#8220;stretch_row&#8220; bg_type=&#8220;image&#8220; parallax_style=&#8220;vcpb-default&#8220; bg_image_new=&#8220;id^1302|url^https:\/\/www.securlift.com\/wp-content\/uploads\/2019\/07\/bg_opzioni_speciali.jpg|caption^null|alt^null|title^bg_header_14|description^null&#8220; bg_image_repeat=&#8220;no-repeat&#8220;][vc_column]<div class=\"ult-spacer spacer-69f60358a2a73\" data-id=\"69f60358a2a73\" data-height=\"300\" data-height-mobile=\"100\" data-height-tab=\"200\" data-height-tab-portrait=\"200\" data-height-mobile-landscape=\"100\" style=\"clear:both;display:block;\"><\/div>[\/vc_column][\/vc_row][vc_row][vc_column]<div id=\"ultimate-heading-5869f60358a2b07\" class=\"uvc-heading ult-adjust-bottom-margin ultimate-heading-5869f60358a2b07 uvc-3582 \" data-hspacer=\"no_spacer\"  data-halign=\"left\" style=\"text-align:left\"><div class=\"uvc-heading-spacer no_spacer\" style=\"top\"><\/div><div class=\"uvc-main-heading ult-responsive\"  data-ultimate-target='.uvc-heading.ultimate-heading-5869f60358a2b07 h2'  data-responsive-json-new='{\"font-size\":\"desktop:44px;\",\"line-height\":\"\"}' ><h2 style=\"font-weight:bold;color:#ef712c;margin-top:10px;margin-bottom:10px;\">Optionen<\/h2><\/div><\/div>[vc_row_inner][vc_column_inner width=&#8220;1\/2&#8243;][vc_column_text]<\/p>\n<h1>LIMAX SAFE-INTEGRATED SAFETY<\/h1>\n<p><strong>Schacht-Positionierungssystem<\/strong><\/p>\n<p>Limax ist ein Schachtpositionierungssystem mit einer Genauigkeit von 1mm f\u00fcr Geschwindigkeiten von bis zu 10m\/s und Sch\u00e4chten von 260m.<br \/>\nDas Prinzip der magnetischen Messung gew\u00e4hrleistet eine Robustheit des Systems und macht es unempfindlich gegen Rauch, Hitze, Feuchtigkeit und Staub.<br \/>\nDie Integration mit dem Control Panel Secur3 \u00fcber den seriellen CAN-Bus macht die Installation und Verwendung sehr einfach.<br \/>\nEinzelne Etagen k\u00f6nnen direkt \u00fcber die Secur3-Tastatur eingestellt werden. Mit LIMAX SAFE k\u00f6nnen Sie die Verwendung einer gro\u00dfen Anzahl mechanischer Komponenten und Subsysteme vermeiden, die zuvor im Schacht bereitgestellt wurden.<br \/>\nWartung und Fehlerbehebung werden ebenfalls vereinfacht.[\/vc_column_text][\/vc_column_inner][vc_column_inner width=&#8220;1\/2&#8243;][vc_single_image image=&#8220;549&#8243; img_size=&#8220;full&#8220; alignment=&#8220;center&#8220; onclick=&#8220;link_image&#8220; image_hovers=&#8220;false&#8220; lazy_loading=&#8220;true&#8220;][vc_column_text]<div class='w3eden'><div class=\"media well link-template-widget\">\r\n    <a class=\"pull-left\" href=\"https:\/\/www.securlift.com\/de\/download\/elgo-limax-safe\/\">\r\n    <img decoding=\"async\" class=\"wpdm_icon\" alt=\"Icon\" src=\"https:\/\/www.securlift.com\/wp-content\/plugins\/download-manager\/assets\/file-type-icons\/zip.svg\" onError='this.src=\"https:\/\/www.securlift.com\/wp-content\/plugins\/download-manager\/assets\/file-type-icons\/unknown.svg\";' \/>\r\n    <\/a>\r\n    <div class=\"media-body\">\r\n    <a href=\"https:\/\/www.securlift.com\/de\/download\/elgo-limax-safe\/\" style=\"display: block;clear: bottom;font-size: 11pt;font-weight: bold;color:#8d8e8c;\">Elgo Limax Safe<\/a>\r\n        <div style=\"font-size: 9pt;\">\r\n    <i class=\"fa fa-database\" style=\"color:#ef712c;\"><\/i> 529.06 KB &nbsp; <i class=\"fa fa-files-o\" style=\"color:#ef712c;\"><\/i> 2 file(s)\r\n        <\/div>\r\n    <\/div>\r\n<\/div>\r\n<style>\r\n    .wpdm_icon{ max-width: 48px; width: 48px; }\r\n<\/style>\r\n<\/div>[\/vc_column_text][\/vc_column_inner][\/vc_row_inner][vc_separator][vc_row_inner][vc_column_inner width=&#8220;1\/2&#8243;][vc_column_text]<\/p>\n<h1>iLift Web App<\/h1>\n<p>Die iLift &#8211; Web App erm\u00f6glicht eine einfache und intuitive Konfiguration und \u00dcberwachung der Aufz\u00fcge mit der Securlift-Steuerung.<br \/>\nAuf die Steuerung kann von jedem mit dem Internet verbundenen Ger\u00e4t aus per Fernzugriff zugegriffen werden: Smartphone, Tablet, PC.<br \/>\nDas System l\u00e4uft auf der f\u00fcr Notrufe vorgesehenen Datenverbindung des GSMGer\u00e4ts: daher keine zus\u00e4tzliche Hardware oder SIM-Karte erforderlich!<br \/>\nDie Steuerung kommuniziert mit dem GSM-Ger\u00e4t \u00fcber eine CAN-Bus-Verbindung.<br \/>\nDie Anwendung erm\u00f6glicht folgende Funktionen:<\/p>\n<ul>\n<li>\u00dcberwachung des Aufzugsstatus (Alarmverlauf; Kabinenposition, Fahrtrichtung<br \/>\nund Ziel; T\u00fcrstatus; Sicherheitsschaltung; Fahrbefehle usw.)<\/li>\n<li>Registrierung und Ausf\u00fchrung von Aufzugsanrufen, Zur\u00fccksetzen der Steuerung, Au\u00dferbetriebnahme;<br \/>\nInstallationsmanagement f\u00fcr jeden Kunden<\/li>\n<li>Der Zugriff auf die \u00dcberwachung kann f\u00fcr verschiedene Mitarbeiter mit programmierbaren Einschr\u00e4nkungen festgelegt werden<\/li>\n<li>Erstellen Sie ein Diagramm der Fahrzeuggeschwindigkeit (in Kombination mit dem Limax Absolut Positionierungssystem);<\/li>\n<li>Alarmbenachrichtigungen an mehrere E-Mail-Adressen<\/li>\n<\/ul>\n<p>[\/vc_column_text][\/vc_column_inner][vc_column_inner width=&#8220;1\/2&#8243;][vc_single_image image=&#8220;1536&#8243; img_size=&#8220;large&#8220; alignment=&#8220;center&#8220; onclick=&#8220;link_image&#8220; image_hovers=&#8220;false&#8220; lazy_loading=&#8220;true&#8220;][vc_column_text]<div class='w3eden'><div class=\"media well link-template-widget\">\r\n    <a class=\"pull-left\" href=\"https:\/\/www.securlift.com\/de\/download\/ilift-web-app\/\">\r\n    <img decoding=\"async\" class=\"wpdm_icon\" alt=\"Icon\" src=\"https:\/\/www.securlift.com\/wp-content\/plugins\/download-manager\/assets\/file-type-icons\/zip.svg\" onError='this.src=\"https:\/\/www.securlift.com\/wp-content\/plugins\/download-manager\/assets\/file-type-icons\/unknown.svg\";' \/>\r\n    <\/a>\r\n    <div class=\"media-body\">\r\n    <a href=\"https:\/\/www.securlift.com\/de\/download\/ilift-web-app\/\" style=\"display: block;clear: bottom;font-size: 11pt;font-weight: bold;color:#8d8e8c;\">iLift Web App<\/a>\r\n        <div style=\"font-size: 9pt;\">\r\n    <i class=\"fa fa-database\" style=\"color:#ef712c;\"><\/i> 590.19 KB &nbsp; <i class=\"fa fa-files-o\" style=\"color:#ef712c;\"><\/i> 2 file(s)\r\n        <\/div>\r\n    <\/div>\r\n<\/div>\r\n<style>\r\n    .wpdm_icon{ max-width: 48px; width: 48px; }\r\n<\/style>\r\n<\/div>[\/vc_column_text][\/vc_column_inner][\/vc_row_inner][vc_separator][vc_row_inner][vc_column_inner width=&#8220;1\/2&#8243;][vc_column_text]<\/p>\n<h1>Drahtlose Steuerungen<\/h1>\n<p>F\u00fcr spezielle Systeme, wie z. B. Schr\u00e4gaufz\u00fcge, k\u00f6nnen die Steuersignale von der Steuerung zur Kabine mit einem Funkger\u00e4t mit Sicherheitsgrad SIL3 gesendet werden.<br \/>\nDiese L\u00f6sung erleichtert die Installation und reduziert den Wartungsaufwand. Zum Beispiel m\u00fcssen keine Kabel zwischen der Steuerung und der Kabine verlegt werden.<br \/>\nSecurlift bietet auf Anfrage kundenspezifische Entwicklungen an.[\/vc_column_text][\/vc_column_inner][vc_column_inner width=&#8220;1\/2&#8243;][vc_single_image image=&#8220;1312&#8243; img_size=&#8220;full&#8220; alignment=&#8220;center&#8220; onclick=&#8220;link_image&#8220; image_hovers=&#8220;false&#8220; lazy_loading=&#8220;true&#8220;][\/vc_column_inner][\/vc_row_inner][\/vc_column][\/vc_row]<\/p>\n<\/div>","protected":false},"excerpt":{"rendered":"<p>[vc_row full_width=&#8220;stretch_row&#8220; bg_type=&#8220;image&#8220; parallax_style=&#8220;vcpb-default&#8220; bg_image_new=&#8220;id^1302|url^https:\/\/www.securlift.com\/wp-content\/uploads\/2019\/07\/bg_opzioni_speciali.jpg|caption^null|alt^null|title^bg_header_14|description^null&#8220; bg_image_repeat=&#8220;no-repeat&#8220;][vc_column][\/vc_column][\/vc_row][vc_row][vc_column][vc_row_inner][vc_column_inner width=&#8220;1\/2&#8243;][vc_column_text] LIMAX SAFE-INTEGRATED SAFETY Schacht-Positionierungssystem Limax ist ein Schachtpositionierungssystem mit einer Genauigkeit von 1mm f\u00fcr Geschwindigkeiten von bis zu 10m\/s und Sch\u00e4chten von 260m. Das Prinzip der magnetischen Messung gew\u00e4hrleistet eine Robustheit des Systems und macht es unempfindlich gegen Rauch, Hitze, Feuchtigkeit und Staub. Die Integration mit dem Control&hellip;<\/p>\n","protected":false},"author":1,"featured_media":0,"parent":1924,"menu_order":0,"comment_status":"closed","ping_status":"closed","template":"","meta":{"footnotes":""},"class_list":["post-1938","page","type-page","status-publish","hentry","description-off"],"yoast_head":"<!-- This site is optimized with the Yoast SEO plugin v23.1 - https:\/\/yoast.com\/wordpress\/plugins\/seo\/ -->\n<title>Optionen - Securlift<\/title>\n<meta name=\"robots\" content=\"index, follow, max-snippet:-1, max-image-preview:large, max-video-preview:-1\" \/>\n<link rel=\"canonical\" href=\"https:\/\/www.securlift.com\/de\/control-panels\/options\/\" \/>\n<meta property=\"og:locale\" content=\"de_DE\" \/>\n<meta property=\"og:type\" content=\"article\" \/>\n<meta property=\"og:title\" content=\"Optionen - Securlift\" \/>\n<meta property=\"og:description\" content=\"[vc_row full_width=&#8220;stretch_row&#8220; bg_type=&#8220;image&#8220; parallax_style=&#8220;vcpb-default&#8220; bg_image_new=&#8220;id^1302|url^https:\/\/www.securlift.com\/wp-content\/uploads\/2019\/07\/bg_opzioni_speciali.jpg|caption^null|alt^null|title^bg_header_14|description^null&#8220; bg_image_repeat=&#8220;no-repeat&#8220;][vc_column][\/vc_column][\/vc_row][vc_row][vc_column][vc_row_inner][vc_column_inner width=&#8220;1\/2&#8243;][vc_column_text] LIMAX SAFE-INTEGRATED SAFETY Schacht-Positionierungssystem Limax ist ein Schachtpositionierungssystem mit einer Genauigkeit von 1mm f\u00fcr Geschwindigkeiten von bis zu 10m\/s und Sch\u00e4chten von 260m. Das Prinzip der magnetischen Messung gew\u00e4hrleistet eine Robustheit des Systems und macht es unempfindlich gegen Rauch, Hitze, Feuchtigkeit und Staub. Die Integration mit dem Control&hellip;\" \/>\n<meta property=\"og:url\" content=\"https:\/\/www.securlift.com\/de\/control-panels\/options\/\" \/>\n<meta property=\"og:site_name\" content=\"Securlift\" \/>\n<meta property=\"article:publisher\" content=\"https:\/\/www.facebook.com\/securliftdigitalcontrollers\/\" \/>\n<meta property=\"article:modified_time\" content=\"2019-11-13T10:40:20+00:00\" \/>\n<meta name=\"twitter:card\" content=\"summary_large_image\" \/>\n<meta name=\"twitter:label1\" content=\"Gesch\u00e4tzte Lesezeit\" \/>\n\t<meta name=\"twitter:data1\" content=\"3\u00a0Minuten\" \/>\n<script type=\"application\/ld+json\" class=\"yoast-schema-graph\">{\"@context\":\"https:\/\/schema.org\",\"@graph\":[{\"@type\":\"WebPage\",\"@id\":\"https:\/\/www.securlift.com\/de\/control-panels\/options\/\",\"url\":\"https:\/\/www.securlift.com\/de\/control-panels\/options\/\",\"name\":\"Optionen - Securlift\",\"isPartOf\":{\"@id\":\"https:\/\/www.securlift.com\/#website\"},\"datePublished\":\"2019-05-20T13:08:30+00:00\",\"dateModified\":\"2019-11-13T10:40:20+00:00\",\"breadcrumb\":{\"@id\":\"https:\/\/www.securlift.com\/de\/control-panels\/options\/#breadcrumb\"},\"inLanguage\":\"de\",\"potentialAction\":[{\"@type\":\"ReadAction\",\"target\":[\"https:\/\/www.securlift.com\/de\/control-panels\/options\/\"]}]},{\"@type\":\"BreadcrumbList\",\"@id\":\"https:\/\/www.securlift.com\/de\/control-panels\/options\/#breadcrumb\",\"itemListElement\":[{\"@type\":\"ListItem\",\"position\":1,\"name\":\"Home\",\"item\":\"https:\/\/www.securlift.com\/de\/\"},{\"@type\":\"ListItem\",\"position\":2,\"name\":\"Steuerung\",\"item\":\"https:\/\/www.securlift.com\/de\/control-panels\/\"},{\"@type\":\"ListItem\",\"position\":3,\"name\":\"Optionen\"}]},{\"@type\":\"WebSite\",\"@id\":\"https:\/\/www.securlift.com\/#website\",\"url\":\"https:\/\/www.securlift.com\/\",\"name\":\"Securlift\",\"description\":\"\",\"publisher\":{\"@id\":\"https:\/\/www.securlift.com\/#organization\"},\"potentialAction\":[{\"@type\":\"SearchAction\",\"target\":{\"@type\":\"EntryPoint\",\"urlTemplate\":\"https:\/\/www.securlift.com\/?s={search_term_string}\"},\"query-input\":\"required name=search_term_string\"}],\"inLanguage\":\"de\"},{\"@type\":\"Organization\",\"@id\":\"https:\/\/www.securlift.com\/#organization\",\"name\":\"Securlift Sagl\",\"url\":\"https:\/\/www.securlift.com\/\",\"logo\":{\"@type\":\"ImageObject\",\"inLanguage\":\"de\",\"@id\":\"https:\/\/www.securlift.com\/#\/schema\/logo\/image\/\",\"url\":\"https:\/\/www.securlift.com\/wp-content\/uploads\/2019\/01\/Securlift_Logo_w600.png\",\"contentUrl\":\"https:\/\/www.securlift.com\/wp-content\/uploads\/2019\/01\/Securlift_Logo_w600.png\",\"width\":600,\"height\":84,\"caption\":\"Securlift Sagl\"},\"image\":{\"@id\":\"https:\/\/www.securlift.com\/#\/schema\/logo\/image\/\"},\"sameAs\":[\"https:\/\/www.facebook.com\/securliftdigitalcontrollers\/\",\"https:\/\/www.linkedin.com\/company\/securlift-sagl\"]}]}<\/script>\n<!-- \/ Yoast SEO plugin. -->","yoast_head_json":{"title":"Optionen - Securlift","robots":{"index":"index","follow":"follow","max-snippet":"max-snippet:-1","max-image-preview":"max-image-preview:large","max-video-preview":"max-video-preview:-1"},"canonical":"https:\/\/www.securlift.com\/de\/control-panels\/options\/","og_locale":"de_DE","og_type":"article","og_title":"Optionen - Securlift","og_description":"[vc_row full_width=&#8220;stretch_row&#8220; bg_type=&#8220;image&#8220; parallax_style=&#8220;vcpb-default&#8220; bg_image_new=&#8220;id^1302|url^https:\/\/www.securlift.com\/wp-content\/uploads\/2019\/07\/bg_opzioni_speciali.jpg|caption^null|alt^null|title^bg_header_14|description^null&#8220; bg_image_repeat=&#8220;no-repeat&#8220;][vc_column][\/vc_column][\/vc_row][vc_row][vc_column][vc_row_inner][vc_column_inner width=&#8220;1\/2&#8243;][vc_column_text] LIMAX SAFE-INTEGRATED SAFETY Schacht-Positionierungssystem Limax ist ein Schachtpositionierungssystem mit einer Genauigkeit von 1mm f\u00fcr Geschwindigkeiten von bis zu 10m\/s und Sch\u00e4chten von 260m. Das Prinzip der magnetischen Messung gew\u00e4hrleistet eine Robustheit des Systems und macht es unempfindlich gegen Rauch, Hitze, Feuchtigkeit und Staub. Die Integration mit dem Control&hellip;","og_url":"https:\/\/www.securlift.com\/de\/control-panels\/options\/","og_site_name":"Securlift","article_publisher":"https:\/\/www.facebook.com\/securliftdigitalcontrollers\/","article_modified_time":"2019-11-13T10:40:20+00:00","twitter_card":"summary_large_image","twitter_misc":{"Gesch\u00e4tzte Lesezeit":"3\u00a0Minuten"},"schema":{"@context":"https:\/\/schema.org","@graph":[{"@type":"WebPage","@id":"https:\/\/www.securlift.com\/de\/control-panels\/options\/","url":"https:\/\/www.securlift.com\/de\/control-panels\/options\/","name":"Optionen - Securlift","isPartOf":{"@id":"https:\/\/www.securlift.com\/#website"},"datePublished":"2019-05-20T13:08:30+00:00","dateModified":"2019-11-13T10:40:20+00:00","breadcrumb":{"@id":"https:\/\/www.securlift.com\/de\/control-panels\/options\/#breadcrumb"},"inLanguage":"de","potentialAction":[{"@type":"ReadAction","target":["https:\/\/www.securlift.com\/de\/control-panels\/options\/"]}]},{"@type":"BreadcrumbList","@id":"https:\/\/www.securlift.com\/de\/control-panels\/options\/#breadcrumb","itemListElement":[{"@type":"ListItem","position":1,"name":"Home","item":"https:\/\/www.securlift.com\/de\/"},{"@type":"ListItem","position":2,"name":"Steuerung","item":"https:\/\/www.securlift.com\/de\/control-panels\/"},{"@type":"ListItem","position":3,"name":"Optionen"}]},{"@type":"WebSite","@id":"https:\/\/www.securlift.com\/#website","url":"https:\/\/www.securlift.com\/","name":"Securlift","description":"","publisher":{"@id":"https:\/\/www.securlift.com\/#organization"},"potentialAction":[{"@type":"SearchAction","target":{"@type":"EntryPoint","urlTemplate":"https:\/\/www.securlift.com\/?s={search_term_string}"},"query-input":"required name=search_term_string"}],"inLanguage":"de"},{"@type":"Organization","@id":"https:\/\/www.securlift.com\/#organization","name":"Securlift Sagl","url":"https:\/\/www.securlift.com\/","logo":{"@type":"ImageObject","inLanguage":"de","@id":"https:\/\/www.securlift.com\/#\/schema\/logo\/image\/","url":"https:\/\/www.securlift.com\/wp-content\/uploads\/2019\/01\/Securlift_Logo_w600.png","contentUrl":"https:\/\/www.securlift.com\/wp-content\/uploads\/2019\/01\/Securlift_Logo_w600.png","width":600,"height":84,"caption":"Securlift Sagl"},"image":{"@id":"https:\/\/www.securlift.com\/#\/schema\/logo\/image\/"},"sameAs":["https:\/\/www.facebook.com\/securliftdigitalcontrollers\/","https:\/\/www.linkedin.com\/company\/securlift-sagl"]}]}},"_links":{"self":[{"href":"https:\/\/www.securlift.com\/de\/wp-json\/wp\/v2\/pages\/1938"}],"collection":[{"href":"https:\/\/www.securlift.com\/de\/wp-json\/wp\/v2\/pages"}],"about":[{"href":"https:\/\/www.securlift.com\/de\/wp-json\/wp\/v2\/types\/page"}],"author":[{"embeddable":true,"href":"https:\/\/www.securlift.com\/de\/wp-json\/wp\/v2\/users\/1"}],"replies":[{"embeddable":true,"href":"https:\/\/www.securlift.com\/de\/wp-json\/wp\/v2\/comments?post=1938"}],"version-history":[{"count":6,"href":"https:\/\/www.securlift.com\/de\/wp-json\/wp\/v2\/pages\/1938\/revisions"}],"predecessor-version":[{"id":2118,"href":"https:\/\/www.securlift.com\/de\/wp-json\/wp\/v2\/pages\/1938\/revisions\/2118"}],"up":[{"embeddable":true,"href":"https:\/\/www.securlift.com\/de\/wp-json\/wp\/v2\/pages\/1924"}],"wp:attachment":[{"href":"https:\/\/www.securlift.com\/de\/wp-json\/wp\/v2\/media?parent=1938"}],"curies":[{"name":"wp","href":"https:\/\/api.w.org\/{rel}","templated":true}]}}