{"id":1933,"date":"2019-01-24T13:44:38","date_gmt":"2019-01-24T12:44:38","guid":{"rendered":"http:\/\/www2.securlift.com\/control-panels\/machine-room-less\/"},"modified":"2024-07-24T14:19:39","modified_gmt":"2024-07-24T12:19:39","slug":"machine-room-less","status":"publish","type":"page","link":"https:\/\/www.securlift.com\/de\/control-panels\/machine-room-less\/","title":{"rendered":"Maschinenraumlose"},"content":{"rendered":"<div class=\"wpb-content-wrapper\"><p>[vc_row full_width=&#8220;stretch_row&#8220; bg_type=&#8220;image&#8220; parallax_style=&#8220;vcpb-default&#8220; bg_image_new=&#8220;id^1651|url^https:\/\/www.securlift.com\/wp-content\/uploads\/2019\/10\/MRL.jpg|caption^null|alt^null|title^MRL|description^null&#8220; bg_image_repeat=&#8220;no-repeat&#8220; bg_image_posiiton=&#8220;center center&#8220;][vc_column]<div class=\"ult-spacer spacer-69f60350b0e46\" data-id=\"69f60350b0e46\" data-height=\"300\" data-height-mobile=\"100\" data-height-tab=\"200\" data-height-tab-portrait=\"200\" data-height-mobile-landscape=\"100\" style=\"clear:both;display:block;\"><\/div>[\/vc_column][\/vc_row][vc_row][vc_column width=&#8220;3\/4&#8243;]<div id=\"ultimate-heading-9769f60350b0ed5\" class=\"uvc-heading ult-adjust-bottom-margin ultimate-heading-9769f60350b0ed5 uvc-298 \" data-hspacer=\"no_spacer\"  data-halign=\"left\" style=\"text-align:left\"><div class=\"uvc-heading-spacer no_spacer\" style=\"top\"><\/div><div class=\"uvc-main-heading ult-responsive\"  data-ultimate-target='.uvc-heading.ultimate-heading-9769f60350b0ed5 h2'  data-responsive-json-new='{\"font-size\":\"desktop:44px;\",\"line-height\":\"\"}' ><h2 style=\"font-weight:bold;color:#ef712c;margin-top:10px;margin-bottom:10px;\">Maschinenraumlose - Mrl<\/h2><\/div><div class=\"uvc-sub-heading ult-responsive\"  data-ultimate-target='.uvc-heading.ultimate-heading-9769f60350b0ed5 .uvc-sub-heading '  data-responsive-json-new='{\"font-size\":\"desktop:22px;\",\"line-height\":\"\"}'  style=\"font-weight:normal;margin-top:10px;margin-bottom:20px;\">L\u00f6sungen f\u00fcr maschinenraumlose Aufz\u00fcge.<\/div><\/div>[vc_row_inner][vc_column_inner width=&#8220;1\/2&#8243;][vc_column_text]<\/p>\n<h1>Maxi<\/h1>\n<p>Ein einzelner Schrank, der in der Regel in der obersten Etage aufgestellt werden kann.<br \/>\nDer Schrank ist in folgenden Ausf\u00fchrungen erh\u00e4ltlich: RAL 7032 oder INOX SCOTCH BRITE.<\/p>\n<p><i>Abm. Maxi 460 x 2000 x 250 mm<\/i>[\/vc_column_text][\/vc_column_inner][vc_column_inner width=&#8220;1\/2&#8243;]<div class=\"ult-spacer spacer-69f60350b0f18\" data-id=\"69f60350b0f18\" data-height=\"30\" data-height-mobile=\"30\" data-height-tab=\"30\" data-height-tab-portrait=\"\" data-height-mobile-landscape=\"\" style=\"clear:both;display:block;\"><\/div>[vc_single_image image=&#8220;408&#8243; img_size=&#8220;full&#8220; alignment=&#8220;center&#8220; onclick=&#8220;link_image&#8220; image_hovers=&#8220;false&#8220; lazy_loading=&#8220;true&#8220;][\/vc_column_inner][\/vc_row_inner][vc_row_inner][vc_column_inner width=&#8220;1\/2&#8243;][vc_column_text]<\/p>\n<h1>Pixi<\/h1>\n<p>Ein einzelner Schrank, der in der Regel in der obersten Etage aufgestellt werden kann.<br \/>\nDer Schrank ist in folgenden Ausf\u00fchrungen erh\u00e4ltlich: RAL 7032 oder INOX SCOTCH BRITE<\/p>\n<p><i>Abm. Pixi 360 x 2000 x 250 mm<\/i>[\/vc_column_text][\/vc_column_inner][vc_column_inner width=&#8220;1\/2&#8243;]<div class=\"ult-spacer spacer-69f60350b0f39\" data-id=\"69f60350b0f39\" data-height=\"30\" data-height-mobile=\"30\" data-height-tab=\"30\" data-height-tab-portrait=\"\" data-height-mobile-landscape=\"\" style=\"clear:both;display:block;\"><\/div>[vc_single_image image=&#8220;403&#8243; img_size=&#8220;full&#8220; alignment=&#8220;center&#8220; onclick=&#8220;link_image&#8220; image_hovers=&#8220;false&#8220; lazy_loading=&#8220;true&#8220;][\/vc_column_inner][\/vc_row_inner][\/vc_column][vc_column width=&#8220;1\/4&#8243;][vc_single_image image=&#8220;159&#8243; img_size=&#8220;full&#8220; alignment=&#8220;center&#8220; onclick=&#8220;link_image&#8220; image_hovers=&#8220;false&#8220; lazy_loading=&#8220;true&#8220;][\/vc_column][\/vc_row][vc_row][vc_column width=&#8220;3\/4&#8243;][vc_row_inner][vc_column_inner width=&#8220;1\/2&#8243;][vc_column_text]<\/p>\n<h1>Wall Front Assist<\/h1>\n<p>Diese Konfiguration besteht aus einem Wandschrank und einer Stromversorgungsbox.<br \/>\nDer Wandschrank zeichnet sich durch ein neutrales und modernes Design aus und durch die M\u00f6glichkeit, auf der Oberfl\u00e4che (a), halbversenkt (b) oder vollst\u00e4ndig (c) in der Wand versenkt montiert zu werden.<br \/>\nDie im Schacht zu platzierende Power Supply Box enth\u00e4lt alle Leistungskomponenten.[\/vc_column_text][\/vc_column_inner][vc_column_inner width=&#8220;1\/2&#8243;]<div class=\"ult-spacer spacer-69f60350b0f55\" data-id=\"69f60350b0f55\" data-height=\"50\" data-height-mobile=\"50\" data-height-tab=\"50\" data-height-tab-portrait=\"\" data-height-mobile-landscape=\"\" style=\"clear:both;display:block;\"><\/div>[vc_single_image image=&#8220;2670&#8243; img_size=&#8220;full&#8220; add_caption=&#8220;yes&#8220; alignment=&#8220;center&#8220; style=&#8220;vc_box_outline&#8220; onclick=&#8220;link_image&#8220; css=&#8220;&#8220; image_hovers=&#8220;false&#8220; lazy_loading=&#8220;true&#8220;][\/vc_column_inner][\/vc_row_inner][\/vc_column][vc_column width=&#8220;1\/4&#8243;]<div class=\"ult-spacer spacer-69f60350b0f6f\" data-id=\"69f60350b0f6f\" data-height=\"30\" data-height-mobile=\"30\" data-height-tab=\"30\" data-height-tab-portrait=\"\" data-height-mobile-landscape=\"\" style=\"clear:both;display:block;\"><\/div>[vc_row_inner][vc_column_inner width=&#8220;1\/2&#8243;][vc_single_image image=&#8220;737&#8243; img_size=&#8220;medium&#8220; add_caption=&#8220;yes&#8220; alignment=&#8220;center&#8220; onclick=&#8220;link_image&#8220; image_hovers=&#8220;false&#8220; lazy_loading=&#8220;true&#8220;][\/vc_column_inner][vc_column_inner width=&#8220;1\/2&#8243;][vc_single_image image=&#8220;729&#8243; img_size=&#8220;medium&#8220; add_caption=&#8220;yes&#8220; alignment=&#8220;center&#8220; onclick=&#8220;link_image&#8220; image_hovers=&#8220;false&#8220; lazy_loading=&#8220;true&#8220;][\/vc_column_inner][\/vc_row_inner][\/vc_column][\/vc_row][vc_row][vc_column width=&#8220;3\/4&#8243;][vc_row_inner][vc_column_inner width=&#8220;1\/2&#8243;][vc_column_text]<\/p>\n<h1>Door Front Assist<\/h1>\n<p>Diese Konfiguration besteht aus einer Frontplatte und einer Stromversorgungsbox.<br \/>\nDie Frontplatte ist f\u00fcr den Einbau in die vertikalen T\u00fcrrahmen der wichtigsten europ\u00e4ischen Zulieferer wie Selcom \/ Wittur, Fermator, Sematic, Meiller usw. vorbereitet.<br \/>\nDie im Schacht zu platzierende Power Supply Box enth\u00e4lt alle Leistungskomponenten.[\/vc_column_text][\/vc_column_inner][vc_column_inner width=&#8220;1\/2&#8243;]<div class=\"ult-spacer spacer-69f60350b0f87\" data-id=\"69f60350b0f87\" data-height=\"50\" data-height-mobile=\"50\" data-height-tab=\"50\" data-height-tab-portrait=\"\" data-height-mobile-landscape=\"\" style=\"clear:both;display:block;\"><\/div>[vc_single_image image=&#8220;2670&#8243; img_size=&#8220;full&#8220; add_caption=&#8220;yes&#8220; alignment=&#8220;center&#8220; style=&#8220;vc_box_outline&#8220; onclick=&#8220;link_image&#8220; css=&#8220;&#8220; image_hovers=&#8220;false&#8220; lazy_loading=&#8220;true&#8220;][\/vc_column_inner][\/vc_row_inner][\/vc_column][vc_column width=&#8220;1\/4&#8243;]<div class=\"ult-spacer spacer-69f60350b0f9d\" data-id=\"69f60350b0f9d\" data-height=\"30\" data-height-mobile=\"30\" data-height-tab=\"30\" data-height-tab-portrait=\"\" data-height-mobile-landscape=\"\" style=\"clear:both;display:block;\"><\/div>[vc_single_image image=&#8220;733&#8243; img_size=&#8220;medium&#8220; add_caption=&#8220;yes&#8220; alignment=&#8220;center&#8220; onclick=&#8220;link_image&#8220; image_hovers=&#8220;false&#8220; lazy_loading=&#8220;true&#8220;][\/vc_column][\/vc_row][vc_row][vc_column][vc_separator][vc_column_text]Abmessungen<br \/>\n<em>Power &#8211; Supply box: mm 1085 x 250 x H 503<\/em><br \/>\n<em>Wall Cabinet: mm 285 x 127 x H 1280<\/em>[\/vc_column_text][\/vc_column][\/vc_row]<\/p>\n<\/div>","protected":false},"excerpt":{"rendered":"<p>[vc_row full_width=&#8220;stretch_row&#8220; bg_type=&#8220;image&#8220; parallax_style=&#8220;vcpb-default&#8220; bg_image_new=&#8220;id^1651|url^https:\/\/www.securlift.com\/wp-content\/uploads\/2019\/10\/MRL.jpg|caption^null|alt^null|title^MRL|description^null&#8220; bg_image_repeat=&#8220;no-repeat&#8220; bg_image_posiiton=&#8220;center center&#8220;][vc_column][\/vc_column][\/vc_row][vc_row][vc_column width=&#8220;3\/4&#8243;][vc_row_inner][vc_column_inner width=&#8220;1\/2&#8243;][vc_column_text] Maxi Ein einzelner Schrank, der in der Regel in der obersten Etage aufgestellt werden kann. Der Schrank ist in folgenden Ausf\u00fchrungen erh\u00e4ltlich: RAL 7032 oder INOX SCOTCH BRITE. Abm. Maxi 460 x 2000 x 250 mm[\/vc_column_text][\/vc_column_inner][vc_column_inner width=&#8220;1\/2&#8243;][vc_single_image image=&#8220;408&#8243; img_size=&#8220;full&#8220; alignment=&#8220;center&#8220; onclick=&#8220;link_image&#8220; image_hovers=&#8220;false&#8220; lazy_loading=&#8220;true&#8220;][\/vc_column_inner][\/vc_row_inner][vc_row_inner][vc_column_inner width=&#8220;1\/2&#8243;][vc_column_text] Pixi&hellip;<\/p>\n","protected":false},"author":1,"featured_media":0,"parent":1924,"menu_order":0,"comment_status":"closed","ping_status":"closed","template":"","meta":{"footnotes":""},"class_list":["post-1933","page","type-page","status-publish","hentry","description-off"],"yoast_head":"<!-- This site is optimized with the Yoast SEO plugin v23.1 - https:\/\/yoast.com\/wordpress\/plugins\/seo\/ -->\n<title>Maschinenraumlose - Securlift<\/title>\n<meta name=\"robots\" content=\"index, follow, max-snippet:-1, max-image-preview:large, max-video-preview:-1\" \/>\n<link rel=\"canonical\" href=\"https:\/\/www.securlift.com\/de\/control-panels\/machine-room-less\/\" \/>\n<meta property=\"og:locale\" content=\"de_DE\" \/>\n<meta property=\"og:type\" content=\"article\" \/>\n<meta property=\"og:title\" content=\"Maschinenraumlose - Securlift\" \/>\n<meta property=\"og:description\" content=\"[vc_row full_width=&#8220;stretch_row&#8220; bg_type=&#8220;image&#8220; parallax_style=&#8220;vcpb-default&#8220; bg_image_new=&#8220;id^1651|url^https:\/\/www.securlift.com\/wp-content\/uploads\/2019\/10\/MRL.jpg|caption^null|alt^null|title^MRL|description^null&#8220; bg_image_repeat=&#8220;no-repeat&#8220; bg_image_posiiton=&#8220;center center&#8220;][vc_column][\/vc_column][\/vc_row][vc_row][vc_column width=&#8220;3\/4&#8243;][vc_row_inner][vc_column_inner width=&#8220;1\/2&#8243;][vc_column_text] Maxi Ein einzelner Schrank, der in der Regel in der obersten Etage aufgestellt werden kann. Der Schrank ist in folgenden Ausf\u00fchrungen erh\u00e4ltlich: RAL 7032 oder INOX SCOTCH BRITE. Abm. Maxi 460 x 2000 x 250 mm[\/vc_column_text][\/vc_column_inner][vc_column_inner width=&#8220;1\/2&#8243;][vc_single_image image=&#8220;408&#8243; img_size=&#8220;full&#8220; alignment=&#8220;center&#8220; onclick=&#8220;link_image&#8220; image_hovers=&#8220;false&#8220; lazy_loading=&#8220;true&#8220;][\/vc_column_inner][\/vc_row_inner][vc_row_inner][vc_column_inner width=&#8220;1\/2&#8243;][vc_column_text] Pixi&hellip;\" \/>\n<meta property=\"og:url\" content=\"https:\/\/www.securlift.com\/de\/control-panels\/machine-room-less\/\" \/>\n<meta property=\"og:site_name\" content=\"Securlift\" \/>\n<meta property=\"article:publisher\" content=\"https:\/\/www.facebook.com\/securliftdigitalcontrollers\/\" \/>\n<meta property=\"article:modified_time\" content=\"2024-07-24T12:19:39+00:00\" \/>\n<meta name=\"twitter:card\" content=\"summary_large_image\" \/>\n<meta name=\"twitter:label1\" content=\"Gesch\u00e4tzte Lesezeit\" \/>\n\t<meta name=\"twitter:data1\" content=\"4\u00a0Minuten\" \/>\n<script type=\"application\/ld+json\" class=\"yoast-schema-graph\">{\"@context\":\"https:\/\/schema.org\",\"@graph\":[{\"@type\":\"WebPage\",\"@id\":\"https:\/\/www.securlift.com\/de\/control-panels\/machine-room-less\/\",\"url\":\"https:\/\/www.securlift.com\/de\/control-panels\/machine-room-less\/\",\"name\":\"Maschinenraumlose - Securlift\",\"isPartOf\":{\"@id\":\"https:\/\/www.securlift.com\/#website\"},\"datePublished\":\"2019-01-24T12:44:38+00:00\",\"dateModified\":\"2024-07-24T12:19:39+00:00\",\"breadcrumb\":{\"@id\":\"https:\/\/www.securlift.com\/de\/control-panels\/machine-room-less\/#breadcrumb\"},\"inLanguage\":\"de\",\"potentialAction\":[{\"@type\":\"ReadAction\",\"target\":[\"https:\/\/www.securlift.com\/de\/control-panels\/machine-room-less\/\"]}]},{\"@type\":\"BreadcrumbList\",\"@id\":\"https:\/\/www.securlift.com\/de\/control-panels\/machine-room-less\/#breadcrumb\",\"itemListElement\":[{\"@type\":\"ListItem\",\"position\":1,\"name\":\"Home\",\"item\":\"https:\/\/www.securlift.com\/de\/\"},{\"@type\":\"ListItem\",\"position\":2,\"name\":\"Steuerung\",\"item\":\"https:\/\/www.securlift.com\/de\/control-panels\/\"},{\"@type\":\"ListItem\",\"position\":3,\"name\":\"Maschinenraumlose\"}]},{\"@type\":\"WebSite\",\"@id\":\"https:\/\/www.securlift.com\/#website\",\"url\":\"https:\/\/www.securlift.com\/\",\"name\":\"Securlift\",\"description\":\"\",\"publisher\":{\"@id\":\"https:\/\/www.securlift.com\/#organization\"},\"potentialAction\":[{\"@type\":\"SearchAction\",\"target\":{\"@type\":\"EntryPoint\",\"urlTemplate\":\"https:\/\/www.securlift.com\/?s={search_term_string}\"},\"query-input\":\"required name=search_term_string\"}],\"inLanguage\":\"de\"},{\"@type\":\"Organization\",\"@id\":\"https:\/\/www.securlift.com\/#organization\",\"name\":\"Securlift Sagl\",\"url\":\"https:\/\/www.securlift.com\/\",\"logo\":{\"@type\":\"ImageObject\",\"inLanguage\":\"de\",\"@id\":\"https:\/\/www.securlift.com\/#\/schema\/logo\/image\/\",\"url\":\"https:\/\/www.securlift.com\/wp-content\/uploads\/2019\/01\/Securlift_Logo_w600.png\",\"contentUrl\":\"https:\/\/www.securlift.com\/wp-content\/uploads\/2019\/01\/Securlift_Logo_w600.png\",\"width\":600,\"height\":84,\"caption\":\"Securlift Sagl\"},\"image\":{\"@id\":\"https:\/\/www.securlift.com\/#\/schema\/logo\/image\/\"},\"sameAs\":[\"https:\/\/www.facebook.com\/securliftdigitalcontrollers\/\",\"https:\/\/www.linkedin.com\/company\/securlift-sagl\"]}]}<\/script>\n<!-- \/ Yoast SEO plugin. -->","yoast_head_json":{"title":"Maschinenraumlose - Securlift","robots":{"index":"index","follow":"follow","max-snippet":"max-snippet:-1","max-image-preview":"max-image-preview:large","max-video-preview":"max-video-preview:-1"},"canonical":"https:\/\/www.securlift.com\/de\/control-panels\/machine-room-less\/","og_locale":"de_DE","og_type":"article","og_title":"Maschinenraumlose - Securlift","og_description":"[vc_row full_width=&#8220;stretch_row&#8220; bg_type=&#8220;image&#8220; parallax_style=&#8220;vcpb-default&#8220; bg_image_new=&#8220;id^1651|url^https:\/\/www.securlift.com\/wp-content\/uploads\/2019\/10\/MRL.jpg|caption^null|alt^null|title^MRL|description^null&#8220; bg_image_repeat=&#8220;no-repeat&#8220; bg_image_posiiton=&#8220;center center&#8220;][vc_column][\/vc_column][\/vc_row][vc_row][vc_column width=&#8220;3\/4&#8243;][vc_row_inner][vc_column_inner width=&#8220;1\/2&#8243;][vc_column_text] Maxi Ein einzelner Schrank, der in der Regel in der obersten Etage aufgestellt werden kann. Der Schrank ist in folgenden Ausf\u00fchrungen erh\u00e4ltlich: RAL 7032 oder INOX SCOTCH BRITE. Abm. Maxi 460 x 2000 x 250 mm[\/vc_column_text][\/vc_column_inner][vc_column_inner width=&#8220;1\/2&#8243;][vc_single_image image=&#8220;408&#8243; img_size=&#8220;full&#8220; alignment=&#8220;center&#8220; onclick=&#8220;link_image&#8220; image_hovers=&#8220;false&#8220; lazy_loading=&#8220;true&#8220;][\/vc_column_inner][\/vc_row_inner][vc_row_inner][vc_column_inner width=&#8220;1\/2&#8243;][vc_column_text] Pixi&hellip;","og_url":"https:\/\/www.securlift.com\/de\/control-panels\/machine-room-less\/","og_site_name":"Securlift","article_publisher":"https:\/\/www.facebook.com\/securliftdigitalcontrollers\/","article_modified_time":"2024-07-24T12:19:39+00:00","twitter_card":"summary_large_image","twitter_misc":{"Gesch\u00e4tzte Lesezeit":"4\u00a0Minuten"},"schema":{"@context":"https:\/\/schema.org","@graph":[{"@type":"WebPage","@id":"https:\/\/www.securlift.com\/de\/control-panels\/machine-room-less\/","url":"https:\/\/www.securlift.com\/de\/control-panels\/machine-room-less\/","name":"Maschinenraumlose - Securlift","isPartOf":{"@id":"https:\/\/www.securlift.com\/#website"},"datePublished":"2019-01-24T12:44:38+00:00","dateModified":"2024-07-24T12:19:39+00:00","breadcrumb":{"@id":"https:\/\/www.securlift.com\/de\/control-panels\/machine-room-less\/#breadcrumb"},"inLanguage":"de","potentialAction":[{"@type":"ReadAction","target":["https:\/\/www.securlift.com\/de\/control-panels\/machine-room-less\/"]}]},{"@type":"BreadcrumbList","@id":"https:\/\/www.securlift.com\/de\/control-panels\/machine-room-less\/#breadcrumb","itemListElement":[{"@type":"ListItem","position":1,"name":"Home","item":"https:\/\/www.securlift.com\/de\/"},{"@type":"ListItem","position":2,"name":"Steuerung","item":"https:\/\/www.securlift.com\/de\/control-panels\/"},{"@type":"ListItem","position":3,"name":"Maschinenraumlose"}]},{"@type":"WebSite","@id":"https:\/\/www.securlift.com\/#website","url":"https:\/\/www.securlift.com\/","name":"Securlift","description":"","publisher":{"@id":"https:\/\/www.securlift.com\/#organization"},"potentialAction":[{"@type":"SearchAction","target":{"@type":"EntryPoint","urlTemplate":"https:\/\/www.securlift.com\/?s={search_term_string}"},"query-input":"required name=search_term_string"}],"inLanguage":"de"},{"@type":"Organization","@id":"https:\/\/www.securlift.com\/#organization","name":"Securlift Sagl","url":"https:\/\/www.securlift.com\/","logo":{"@type":"ImageObject","inLanguage":"de","@id":"https:\/\/www.securlift.com\/#\/schema\/logo\/image\/","url":"https:\/\/www.securlift.com\/wp-content\/uploads\/2019\/01\/Securlift_Logo_w600.png","contentUrl":"https:\/\/www.securlift.com\/wp-content\/uploads\/2019\/01\/Securlift_Logo_w600.png","width":600,"height":84,"caption":"Securlift Sagl"},"image":{"@id":"https:\/\/www.securlift.com\/#\/schema\/logo\/image\/"},"sameAs":["https:\/\/www.facebook.com\/securliftdigitalcontrollers\/","https:\/\/www.linkedin.com\/company\/securlift-sagl"]}]}},"_links":{"self":[{"href":"https:\/\/www.securlift.com\/de\/wp-json\/wp\/v2\/pages\/1933"}],"collection":[{"href":"https:\/\/www.securlift.com\/de\/wp-json\/wp\/v2\/pages"}],"about":[{"href":"https:\/\/www.securlift.com\/de\/wp-json\/wp\/v2\/types\/page"}],"author":[{"embeddable":true,"href":"https:\/\/www.securlift.com\/de\/wp-json\/wp\/v2\/users\/1"}],"replies":[{"embeddable":true,"href":"https:\/\/www.securlift.com\/de\/wp-json\/wp\/v2\/comments?post=1933"}],"version-history":[{"count":4,"href":"https:\/\/www.securlift.com\/de\/wp-json\/wp\/v2\/pages\/1933\/revisions"}],"predecessor-version":[{"id":2672,"href":"https:\/\/www.securlift.com\/de\/wp-json\/wp\/v2\/pages\/1933\/revisions\/2672"}],"up":[{"embeddable":true,"href":"https:\/\/www.securlift.com\/de\/wp-json\/wp\/v2\/pages\/1924"}],"wp:attachment":[{"href":"https:\/\/www.securlift.com\/de\/wp-json\/wp\/v2\/media?parent=1933"}],"curies":[{"name":"wp","href":"https:\/\/api.w.org\/{rel}","templated":true}]}}