{"id":1928,"date":"2019-01-24T13:44:03","date_gmt":"2019-01-24T12:44:03","guid":{"rendered":"http:\/\/www2.securlift.com\/control-panels\/machine-room\/"},"modified":"2024-07-24T14:12:50","modified_gmt":"2024-07-24T12:12:50","slug":"machine-room","status":"publish","type":"page","link":"https:\/\/www.securlift.com\/de\/control-panels\/machine-room\/","title":{"rendered":"Maschinenraum"},"content":{"rendered":"<div class=\"wpb-content-wrapper\"><p>[vc_row full_width=&#8220;stretch_row&#8220; bg_type=&#8220;image&#8220; parallax_style=&#8220;vcpb-default&#8220; bg_image_new=&#8220;id^1565|url^https:\/\/www.securlift.com\/wp-content\/uploads\/2019\/09\/bg_machine-room.jpg|caption^null|alt^null|title^bg_machine-room|description^null&#8220; bg_image_repeat=&#8220;no-repeat&#8220;][vc_column]<div class=\"ult-spacer spacer-69f6034b348a1\" data-id=\"69f6034b348a1\" data-height=\"300\" data-height-mobile=\"100\" data-height-tab=\"200\" data-height-tab-portrait=\"200\" data-height-mobile-landscape=\"100\" style=\"clear:both;display:block;\"><\/div>[\/vc_column][\/vc_row][vc_row][vc_column width=&#8220;3\/4&#8243;]<div id=\"ultimate-heading-157869f6034b3490f\" class=\"uvc-heading ult-adjust-bottom-margin ultimate-heading-157869f6034b3490f uvc-8373 \" data-hspacer=\"no_spacer\"  data-halign=\"left\" style=\"text-align:left\"><div class=\"uvc-heading-spacer no_spacer\" style=\"top\"><\/div><div class=\"uvc-main-heading ult-responsive\"  data-ultimate-target='.uvc-heading.ultimate-heading-157869f6034b3490f h2'  data-responsive-json-new='{\"font-size\":\"desktop:44px;\",\"line-height\":\"\"}' ><h2 style=\"font-weight:bold;color:#ef712c;margin-top:10px;margin-bottom:10px;\">Maschinenraum - Mr<\/h2><\/div><div class=\"uvc-sub-heading ult-responsive\"  data-ultimate-target='.uvc-heading.ultimate-heading-157869f6034b3490f .uvc-sub-heading '  data-responsive-json-new='{\"font-size\":\"desktop:22px;\",\"line-height\":\"\"}'  style=\"font-weight:normal;margin-top:10px;margin-bottom:20px;\">L\u00f6sungen f\u00fcr Aufz\u00fcge mit Maschinenraum.<\/div><\/div>[vc_row_inner][vc_column_inner width=&#8220;1\/2&#8243;][vc_column_text]<\/p>\n<h1>Mini<\/h1>\n<p>Ein kleiner Schrank, der sich am besten f\u00fcr Hydraulikinstallationen eignet, bei denen nur ein Minimum an Belastung erforderlich ist. In diesem Fall erm\u00f6glicht die Option, den Sicherungskasten in die Steuerungstafel<\/p>\n<p>aufzunehmen und den Einsatz in engen Verh\u00e4ltnissen, z.B. in dem Schrank, in dem sich das Aggregat befindet.<\/p>\n<p><strong>Abmessungen<\/strong><br \/>\n<em>Mini: mm 658 x 270 x H 650<\/em>[\/vc_column_text][\/vc_column_inner][vc_column_inner width=&#8220;1\/2&#8243;][vc_single_image image=&#8220;2657&#8243; img_size=&#8220;full&#8220; alignment=&#8220;center&#8220; onclick=&#8220;link_image&#8220; css=&#8220;&#8220; lazy_loading=&#8220;true&#8220;][\/vc_column_inner][\/vc_row_inner][vc_separator][vc_row_inner][vc_column_inner width=&#8220;1\/2&#8243;][vc_column_text]<\/p>\n<h1>Midi<\/h1>\n<p>Ein mittelgro\u00dfer Schrank, der f\u00fcr Hydraulikinstallationen mit speziellen Optionen oder f\u00fcr Traktionslifte mit geringer Leistung geeignet ist.<br \/>\nWie bei der MINI-Gr\u00f6\u00dfe erm\u00f6glicht die Option, den Sicherungskasten in die Steuerungstafel aufzunehmen und den Einsatz in engen Verh\u00e4ltnissen, z.B. in dem Shrank, in dem sich das Aggregat befindet.<\/p>\n<p><strong>Abmessungen<\/strong><br \/>\n<em>Midi: mm 808 x 270 x H 650<\/em>[\/vc_column_text][\/vc_column_inner][vc_column_inner width=&#8220;1\/2&#8243;][vc_single_image image=&#8220;2653&#8243; img_size=&#8220;full&#8220; alignment=&#8220;center&#8220; onclick=&#8220;link_image&#8220; css=&#8220;&#8220; lazy_loading=&#8220;true&#8220;][\/vc_column_inner][\/vc_row_inner][vc_separator][vc_row_inner][vc_column_inner width=&#8220;1\/2&#8243;][vc_column_text]<\/p>\n<h1>Standard<\/h1>\n<p>Ein Schrank in Standardgr\u00f6\u00dfe, der f\u00fcr Seilaufz\u00fcge mit mittlerer oder hoher Leistung geeignet ist.<\/p>\n<p>Sondergr\u00f6\u00dfen sind auf Anfrage erh\u00e4ltlich.<\/p>\n<p><strong>Abmessungen<\/strong><br \/>\n<em>Standard: mm 708 x 350 x H 1010<\/em>[\/vc_column_text][\/vc_column_inner][vc_column_inner width=&#8220;1\/2&#8243;][vc_single_image image=&#8220;2648&#8243; img_size=&#8220;full&#8220; alignment=&#8220;center&#8220; onclick=&#8220;link_image&#8220; css=&#8220;&#8220; lazy_loading=&#8220;true&#8220;][\/vc_column_inner][\/vc_row_inner][\/vc_column][vc_column width=&#8220;1\/4&#8243;][vc_single_image image=&#8220;163&#8243; img_size=&#8220;full&#8220; alignment=&#8220;center&#8220; onclick=&#8220;link_image&#8220; image_hovers=&#8220;false&#8220; lazy_loading=&#8220;true&#8220;][\/vc_column][\/vc_row]<\/p>\n<\/div>","protected":false},"excerpt":{"rendered":"<p>[vc_row full_width=&#8220;stretch_row&#8220; bg_type=&#8220;image&#8220; parallax_style=&#8220;vcpb-default&#8220; bg_image_new=&#8220;id^1565|url^https:\/\/www.securlift.com\/wp-content\/uploads\/2019\/09\/bg_machine-room.jpg|caption^null|alt^null|title^bg_machine-room|description^null&#8220; bg_image_repeat=&#8220;no-repeat&#8220;][vc_column][\/vc_column][\/vc_row][vc_row][vc_column width=&#8220;3\/4&#8243;][vc_row_inner][vc_column_inner width=&#8220;1\/2&#8243;][vc_column_text] Mini Ein kleiner Schrank, der sich am besten f\u00fcr Hydraulikinstallationen eignet, bei denen nur ein Minimum an Belastung erforderlich ist. In diesem Fall erm\u00f6glicht die Option, den Sicherungskasten in die Steuerungstafel aufzunehmen und den Einsatz in engen Verh\u00e4ltnissen, z.B. in dem Schrank, in dem sich das Aggregat&hellip;<\/p>\n","protected":false},"author":1,"featured_media":0,"parent":1924,"menu_order":0,"comment_status":"closed","ping_status":"closed","template":"","meta":{"footnotes":""},"class_list":["post-1928","page","type-page","status-publish","hentry","description-off"],"yoast_head":"<!-- This site is optimized with the Yoast SEO plugin v23.1 - https:\/\/yoast.com\/wordpress\/plugins\/seo\/ -->\n<title>Maschinenraum - Securlift<\/title>\n<meta name=\"robots\" content=\"index, follow, max-snippet:-1, max-image-preview:large, max-video-preview:-1\" \/>\n<link rel=\"canonical\" href=\"https:\/\/www.securlift.com\/de\/control-panels\/machine-room\/\" \/>\n<meta property=\"og:locale\" content=\"de_DE\" \/>\n<meta property=\"og:type\" content=\"article\" \/>\n<meta property=\"og:title\" content=\"Maschinenraum - Securlift\" \/>\n<meta property=\"og:description\" content=\"[vc_row full_width=&#8220;stretch_row&#8220; bg_type=&#8220;image&#8220; parallax_style=&#8220;vcpb-default&#8220; bg_image_new=&#8220;id^1565|url^https:\/\/www.securlift.com\/wp-content\/uploads\/2019\/09\/bg_machine-room.jpg|caption^null|alt^null|title^bg_machine-room|description^null&#8220; bg_image_repeat=&#8220;no-repeat&#8220;][vc_column][\/vc_column][\/vc_row][vc_row][vc_column width=&#8220;3\/4&#8243;][vc_row_inner][vc_column_inner width=&#8220;1\/2&#8243;][vc_column_text] Mini Ein kleiner Schrank, der sich am besten f\u00fcr Hydraulikinstallationen eignet, bei denen nur ein Minimum an Belastung erforderlich ist. In diesem Fall erm\u00f6glicht die Option, den Sicherungskasten in die Steuerungstafel aufzunehmen und den Einsatz in engen Verh\u00e4ltnissen, z.B. in dem Schrank, in dem sich das Aggregat&hellip;\" \/>\n<meta property=\"og:url\" content=\"https:\/\/www.securlift.com\/de\/control-panels\/machine-room\/\" \/>\n<meta property=\"og:site_name\" content=\"Securlift\" \/>\n<meta property=\"article:publisher\" content=\"https:\/\/www.facebook.com\/securliftdigitalcontrollers\/\" \/>\n<meta property=\"article:modified_time\" content=\"2024-07-24T12:12:50+00:00\" \/>\n<meta name=\"twitter:card\" content=\"summary_large_image\" \/>\n<meta name=\"twitter:label1\" content=\"Gesch\u00e4tzte Lesezeit\" \/>\n\t<meta name=\"twitter:data1\" content=\"2\u00a0Minuten\" \/>\n<script type=\"application\/ld+json\" class=\"yoast-schema-graph\">{\"@context\":\"https:\/\/schema.org\",\"@graph\":[{\"@type\":\"WebPage\",\"@id\":\"https:\/\/www.securlift.com\/de\/control-panels\/machine-room\/\",\"url\":\"https:\/\/www.securlift.com\/de\/control-panels\/machine-room\/\",\"name\":\"Maschinenraum - Securlift\",\"isPartOf\":{\"@id\":\"https:\/\/www.securlift.com\/#website\"},\"datePublished\":\"2019-01-24T12:44:03+00:00\",\"dateModified\":\"2024-07-24T12:12:50+00:00\",\"breadcrumb\":{\"@id\":\"https:\/\/www.securlift.com\/de\/control-panels\/machine-room\/#breadcrumb\"},\"inLanguage\":\"de\",\"potentialAction\":[{\"@type\":\"ReadAction\",\"target\":[\"https:\/\/www.securlift.com\/de\/control-panels\/machine-room\/\"]}]},{\"@type\":\"BreadcrumbList\",\"@id\":\"https:\/\/www.securlift.com\/de\/control-panels\/machine-room\/#breadcrumb\",\"itemListElement\":[{\"@type\":\"ListItem\",\"position\":1,\"name\":\"Home\",\"item\":\"https:\/\/www.securlift.com\/de\/\"},{\"@type\":\"ListItem\",\"position\":2,\"name\":\"Steuerung\",\"item\":\"https:\/\/www.securlift.com\/de\/control-panels\/\"},{\"@type\":\"ListItem\",\"position\":3,\"name\":\"Maschinenraum\"}]},{\"@type\":\"WebSite\",\"@id\":\"https:\/\/www.securlift.com\/#website\",\"url\":\"https:\/\/www.securlift.com\/\",\"name\":\"Securlift\",\"description\":\"\",\"publisher\":{\"@id\":\"https:\/\/www.securlift.com\/#organization\"},\"potentialAction\":[{\"@type\":\"SearchAction\",\"target\":{\"@type\":\"EntryPoint\",\"urlTemplate\":\"https:\/\/www.securlift.com\/?s={search_term_string}\"},\"query-input\":\"required name=search_term_string\"}],\"inLanguage\":\"de\"},{\"@type\":\"Organization\",\"@id\":\"https:\/\/www.securlift.com\/#organization\",\"name\":\"Securlift Sagl\",\"url\":\"https:\/\/www.securlift.com\/\",\"logo\":{\"@type\":\"ImageObject\",\"inLanguage\":\"de\",\"@id\":\"https:\/\/www.securlift.com\/#\/schema\/logo\/image\/\",\"url\":\"https:\/\/www.securlift.com\/wp-content\/uploads\/2019\/01\/Securlift_Logo_w600.png\",\"contentUrl\":\"https:\/\/www.securlift.com\/wp-content\/uploads\/2019\/01\/Securlift_Logo_w600.png\",\"width\":600,\"height\":84,\"caption\":\"Securlift Sagl\"},\"image\":{\"@id\":\"https:\/\/www.securlift.com\/#\/schema\/logo\/image\/\"},\"sameAs\":[\"https:\/\/www.facebook.com\/securliftdigitalcontrollers\/\",\"https:\/\/www.linkedin.com\/company\/securlift-sagl\"]}]}<\/script>\n<!-- \/ Yoast SEO plugin. -->","yoast_head_json":{"title":"Maschinenraum - Securlift","robots":{"index":"index","follow":"follow","max-snippet":"max-snippet:-1","max-image-preview":"max-image-preview:large","max-video-preview":"max-video-preview:-1"},"canonical":"https:\/\/www.securlift.com\/de\/control-panels\/machine-room\/","og_locale":"de_DE","og_type":"article","og_title":"Maschinenraum - Securlift","og_description":"[vc_row full_width=&#8220;stretch_row&#8220; bg_type=&#8220;image&#8220; parallax_style=&#8220;vcpb-default&#8220; bg_image_new=&#8220;id^1565|url^https:\/\/www.securlift.com\/wp-content\/uploads\/2019\/09\/bg_machine-room.jpg|caption^null|alt^null|title^bg_machine-room|description^null&#8220; bg_image_repeat=&#8220;no-repeat&#8220;][vc_column][\/vc_column][\/vc_row][vc_row][vc_column width=&#8220;3\/4&#8243;][vc_row_inner][vc_column_inner width=&#8220;1\/2&#8243;][vc_column_text] Mini Ein kleiner Schrank, der sich am besten f\u00fcr Hydraulikinstallationen eignet, bei denen nur ein Minimum an Belastung erforderlich ist. In diesem Fall erm\u00f6glicht die Option, den Sicherungskasten in die Steuerungstafel aufzunehmen und den Einsatz in engen Verh\u00e4ltnissen, z.B. in dem Schrank, in dem sich das Aggregat&hellip;","og_url":"https:\/\/www.securlift.com\/de\/control-panels\/machine-room\/","og_site_name":"Securlift","article_publisher":"https:\/\/www.facebook.com\/securliftdigitalcontrollers\/","article_modified_time":"2024-07-24T12:12:50+00:00","twitter_card":"summary_large_image","twitter_misc":{"Gesch\u00e4tzte Lesezeit":"2\u00a0Minuten"},"schema":{"@context":"https:\/\/schema.org","@graph":[{"@type":"WebPage","@id":"https:\/\/www.securlift.com\/de\/control-panels\/machine-room\/","url":"https:\/\/www.securlift.com\/de\/control-panels\/machine-room\/","name":"Maschinenraum - Securlift","isPartOf":{"@id":"https:\/\/www.securlift.com\/#website"},"datePublished":"2019-01-24T12:44:03+00:00","dateModified":"2024-07-24T12:12:50+00:00","breadcrumb":{"@id":"https:\/\/www.securlift.com\/de\/control-panels\/machine-room\/#breadcrumb"},"inLanguage":"de","potentialAction":[{"@type":"ReadAction","target":["https:\/\/www.securlift.com\/de\/control-panels\/machine-room\/"]}]},{"@type":"BreadcrumbList","@id":"https:\/\/www.securlift.com\/de\/control-panels\/machine-room\/#breadcrumb","itemListElement":[{"@type":"ListItem","position":1,"name":"Home","item":"https:\/\/www.securlift.com\/de\/"},{"@type":"ListItem","position":2,"name":"Steuerung","item":"https:\/\/www.securlift.com\/de\/control-panels\/"},{"@type":"ListItem","position":3,"name":"Maschinenraum"}]},{"@type":"WebSite","@id":"https:\/\/www.securlift.com\/#website","url":"https:\/\/www.securlift.com\/","name":"Securlift","description":"","publisher":{"@id":"https:\/\/www.securlift.com\/#organization"},"potentialAction":[{"@type":"SearchAction","target":{"@type":"EntryPoint","urlTemplate":"https:\/\/www.securlift.com\/?s={search_term_string}"},"query-input":"required name=search_term_string"}],"inLanguage":"de"},{"@type":"Organization","@id":"https:\/\/www.securlift.com\/#organization","name":"Securlift Sagl","url":"https:\/\/www.securlift.com\/","logo":{"@type":"ImageObject","inLanguage":"de","@id":"https:\/\/www.securlift.com\/#\/schema\/logo\/image\/","url":"https:\/\/www.securlift.com\/wp-content\/uploads\/2019\/01\/Securlift_Logo_w600.png","contentUrl":"https:\/\/www.securlift.com\/wp-content\/uploads\/2019\/01\/Securlift_Logo_w600.png","width":600,"height":84,"caption":"Securlift Sagl"},"image":{"@id":"https:\/\/www.securlift.com\/#\/schema\/logo\/image\/"},"sameAs":["https:\/\/www.facebook.com\/securliftdigitalcontrollers\/","https:\/\/www.linkedin.com\/company\/securlift-sagl"]}]}},"_links":{"self":[{"href":"https:\/\/www.securlift.com\/de\/wp-json\/wp\/v2\/pages\/1928"}],"collection":[{"href":"https:\/\/www.securlift.com\/de\/wp-json\/wp\/v2\/pages"}],"about":[{"href":"https:\/\/www.securlift.com\/de\/wp-json\/wp\/v2\/types\/page"}],"author":[{"embeddable":true,"href":"https:\/\/www.securlift.com\/de\/wp-json\/wp\/v2\/users\/1"}],"replies":[{"embeddable":true,"href":"https:\/\/www.securlift.com\/de\/wp-json\/wp\/v2\/comments?post=1928"}],"version-history":[{"count":6,"href":"https:\/\/www.securlift.com\/de\/wp-json\/wp\/v2\/pages\/1928\/revisions"}],"predecessor-version":[{"id":2661,"href":"https:\/\/www.securlift.com\/de\/wp-json\/wp\/v2\/pages\/1928\/revisions\/2661"}],"up":[{"embeddable":true,"href":"https:\/\/www.securlift.com\/de\/wp-json\/wp\/v2\/pages\/1924"}],"wp:attachment":[{"href":"https:\/\/www.securlift.com\/de\/wp-json\/wp\/v2\/media?parent=1928"}],"curies":[{"name":"wp","href":"https:\/\/api.w.org\/{rel}","templated":true}]}}