{"id":1919,"date":"2019-01-24T13:14:04","date_gmt":"2019-01-24T12:14:04","guid":{"rendered":"http:\/\/www2.securlift.com\/about\/"},"modified":"2024-07-24T11:43:35","modified_gmt":"2024-07-24T09:43:35","slug":"about","status":"publish","type":"page","link":"https:\/\/www.securlift.com\/de\/about\/","title":{"rendered":"\u00dcber uns"},"content":{"rendered":"<div class=\"wpb-content-wrapper\"><p>[vc_row full_width=&#8220;stretch_row&#8220; bg_type=&#8220;image&#8220; parallax_style=&#8220;vcpb-default&#8220; bg_image_new=&#8220;id^813|url^https:\/\/www.securlift.com\/wp-content\/uploads\/2019\/06\/bg_header_03.jpg|caption^null|alt^null|title^bg_header_03|description^null&#8220; bg_image_repeat=&#8220;no-repeat&#8220;][vc_column]<div class=\"ult-spacer spacer-69f603583584d\" data-id=\"69f603583584d\" data-height=\"300\" data-height-mobile=\"100\" data-height-tab=\"200\" data-height-tab-portrait=\"200\" data-height-mobile-landscape=\"100\" style=\"clear:both;display:block;\"><\/div>[\/vc_column][\/vc_row][vc_row bg_type=&#8220;bg_color&#8220; seperator_enable=&#8220;seperator_enable_value&#8220; seperator_type=&#8220;xlarge_triangle_seperator&#8220; seperator_position=&#8220;bottom_seperator&#8220; seperator_svg_height=&#8220;50&#8243; seperator_shape_background=&#8220;#ffffff&#8220; bg_color_value=&#8220;#ef712c&#8220; css=&#8220;.vc_custom_1560341627674{padding-bottom: 50px !important;}&#8220;][vc_column][vc_column_text]<div id=\"wpfp_7cd426afd690338b00d03d52c8f517db\" data-item=\"{&quot;sources&quot;:[{&quot;src&quot;:&quot;https:\\\/\\\/www.securlift.com\\\/wp-content\\\/uploads\\\/2019\\\/07\\\/Securlift_2019.mp4&quot;,&quot;type&quot;:&quot;video\\\/mp4&quot;},{&quot;src&quot;:&quot;https:\\\/\\\/www.securlift.com\\\/wp-content\\\/uploads\\\/2019\\\/07\\\/Securlift_2019.webm&quot;,&quot;type&quot;:&quot;video\\\/webm&quot;}],&quot;id&quot;:&quot;1&quot;,&quot;splash&quot;:&quot;Sec-GB-adm&quot;}\" class=\"flowplayer no-brand is-splash is-paused skin-slim no-svg fp-slim fp-edgy\" data-fvautoplay=\"0\" style=\"position:relative; max-width: 640px; max-height: 360px; \" data-ratio=\"0.5625\">\n\t<div class=\"fp-ratio\" style=\"padding-top: 56.25%\"><\/div>\n\t<img decoding=\"async\" class=\"fp-splash\" alt=\"video\" src=\"Sec-GB-adm\" style=\"position:absolute;top:0;width:100%\" \/>\n\t<div class=\"fp-ui\"><noscript>Please enable JavaScript<\/noscript><div class=\"fp-play fp-visible\"><svg class=\"fp-play-sharp-fill\" xmlns=\"http:\/\/www.w3.org\/2000\/svg\" viewBox=\"0 0 100 100\"><defs><style>.fp-color-play{opacity:0.65;}.controlbutton{fill:#fff;}<\/style><\/defs><title>play-sharp-fill<\/title><path class=\"fp-color-play\" d=\"M49.9217-.078a50,50,0,1,0,50,50A50.0564,50.0564,0,0,0,49.9217-.078Z\"\/><polygon class=\"controlbutton\" points=\"73.601 50 37.968 70.573 37.968 29.427 73.601 50\" filter=\"url(#f1)\"\/><\/svg><\/div><div class=\"fp-preload\"><b><\/b><b><\/b><b><\/b><b><\/b><\/div><\/div>\n<div class='fvp-share-bar'><ul class=\"fvp-sharing\">\r\n    <li><a class=\"sharing-facebook\" href=\"https:\/\/www.facebook.com\/sharer\/sharer.php?u=https%3A%2F%2Fwww.securlift.com%2Fde%2Fabout%2F\" target=\"_blank\"><\/a><\/li>\r\n    <li><a class=\"sharing-twitter\" href=\"https:\/\/twitter.com\/intent\/tweet?text=Securlift+&url=https%3A%2F%2Fwww.securlift.com%2Fde%2Fabout%2F\" target=\"_blank\"><\/a><\/li>\r\n    <li><a class=\"sharing-email\" href=\"mailto:?body=Check%20out%20the%20amazing%20video%20here%3A%20https%3A%2F%2Fwww.securlift.com%2Fde%2Fabout%2F\" target=\"_blank\"><\/a><\/li><\/ul><\/div>\n<\/div>\n[\/vc_column_text][\/vc_column][\/vc_row][vc_row][vc_column width=&#8220;2\/3&#8243;][vc_column_text]<\/p>\n<h1>Das Unternehmen<\/h1>\n<p>Seit mehr als 50 Jahren ist die Falconi Gruppe als zuverl\u00e4ssiger Experte auf dem Aufzugsmarkt bekannt. Sie etablierte sich in den 60er Jahren mit ASCENSA LIFT als Schweizer Agentur f\u00fcr FIAM ELEVATORS und als Pionier der USV-Branche mit IWATEC. Im Jahr 1997 gr\u00fcndete die Gruppe Securlift, einen neuen Schritt in<br \/>\nTechnologie und Zuverl\u00e4ssigkeit f\u00fcr sie die Aufzugsausr\u00fcstung.<br \/>\nSecurlift ist europaweit f\u00fchrend in der Entwicklung und Herstellung von digitalen Steuerungen, Signalisierungssystemen und vorverdrahteten Systemen f\u00fcr Aufz\u00fcge.<br \/>\n<em><strong>Das Unternehmensziel ist: der innovativste Partner der gro\u00dfen und f\u00fchrenden europ\u00e4ischen Aufzugsunternehmen zu sein.<\/strong><\/em>[\/vc_column_text][\/vc_column][vc_column width=&#8220;1\/3&#8243;][vc_single_image image=&#8220;97&#8243; img_size=&#8220;full&#8220; alignment=&#8220;center&#8220; image_hovers=&#8220;false&#8220; lazy_loading=&#8220;true&#8220;][\/vc_column][\/vc_row][vc_row][vc_column width=&#8220;2\/3&#8243;][vc_column_text]<\/p>\n<h1>Organisation<\/h1>\n<p>Der Firmensitz befindet sich zusammen mit der Forschung und Entwicklung sowie den Produktionseinheiten in der Schweiz, unweit der italienischen Grenze.<br \/>\nDie erste Auslandsniederlassung des Unternehmens wurde 2002 in Italien gegr\u00fcndet. Die gesamte Logistik f\u00fcr den EU-Markt wird von dieser Niederlassung aus erf\u00fcllt.<br \/>\nIm Jahr 2008 er\u00f6ffnet Securlift seinen ersten Ausstellungsraum in der deutschen Schweiz. Heutzutage sind mehr als 30.000 Aufz\u00fcge in Europa mit Securlift-Komponenten ausgestattet.[\/vc_column_text][\/vc_column][vc_column width=&#8220;1\/3&#8243;][vc_single_image image=&#8220;101&#8243; img_size=&#8220;full&#8220; alignment=&#8220;center&#8220; image_hovers=&#8220;false&#8220; lazy_loading=&#8220;true&#8220;][\/vc_column][\/vc_row][vc_row][vc_column][vc_single_image image=&#8220;2612&#8243; img_size=&#8220;full&#8220; alignment=&#8220;center&#8220; onclick=&#8220;link_image&#8220; css=&#8220;&#8220; image_hovers=&#8220;false&#8220; lazy_loading=&#8220;true&#8220;][\/vc_column][\/vc_row][vc_row gap=&#8220;5&#8243; equal_height=&#8220;yes&#8220; content_placement=&#8220;top&#8220;][vc_column width=&#8220;1\/3&#8243; css=&#8220;.vc_custom_1548332920346{background-color: rgba(141,142,140,0.23) !important;*background-color: rgb(141,142,140) !important;}&#8220;][vc_single_image image=&#8220;2169&#8243; img_size=&#8220;full&#8220; alignment=&#8220;center&#8220; image_hovers=&#8220;false&#8220; lazy_loading=&#8220;true&#8220;][vc_column_text]<\/p>\n<h3>Qualit\u00e4t und \u00d6kologie<\/h3>\n<p>Securlift folgt den Schweizer Grunds\u00e4tzen hoher Qualit\u00e4t und bietet ein zuverl\u00e4ssiges und langlebiges Produkt.<br \/>\nDie angestrebte Qualit\u00e4t beginnt mit einer sorgf\u00e4ltigen Auswahl der Lieferanten und ihrer Produkte und setzt sich fort mit einem gr\u00fcndlich genauem Produktionsprozess, der mit computergest\u00fctzten Tests endet, die die<br \/>\nFehlerfreiheit und den einwandfreien Betrieb des gesamten Systems garantieren.<br \/>\nSecurlift ist von der Qualit\u00e4t seiner Produkte \u00fcberzeugt und gew\u00e4hrt zwei Jahre Garantie. Securlift zeichnet sich auch durch ein starkes Umweltbewusstsein aus.[\/vc_column_text][\/vc_column][vc_column width=&#8220;1\/3&#8243; css=&#8220;.vc_custom_1548332969343{background-color: rgba(141,142,140,0.23) !important;*background-color: rgb(141,142,140) !important;}&#8220;][vc_single_image image=&#8220;124&#8243; img_size=&#8220;full&#8220; alignment=&#8220;center&#8220; image_hovers=&#8220;false&#8220; lazy_loading=&#8220;true&#8220;][vc_column_text]<\/p>\n<h3>Forschung und Entwicklung<\/h3>\n<p>Die Steuerung Securlift SEC3 zeichnet sich durch modernste Technologie auf h\u00f6chstem europ\u00e4ischem Standard aus.<br \/>\nDie Forschungs- und Entwicklungsabteilung besteht aus den besten Ingenieuren und Technikern und verf\u00fcgt \u00fcber ein modernes Labor, das alle Komponenten<br \/>\neines Quadruplex-Systems nachbildet. Das Know-how im Elektro- und IT-Bereich wird durch Schulungen und Kooperationen mit ausgew\u00e4hlten Zulieferern und Hochschulgremien stetig verbessert.[\/vc_column_text][\/vc_column][vc_column width=&#8220;1\/3&#8243; css=&#8220;.vc_custom_1549977536726{background-color: rgba(141,142,140,0.23) !important;*background-color: rgb(141,142,140) !important;}&#8220;][vc_single_image image=&#8220;116&#8243; img_size=&#8220;full&#8220; alignment=&#8220;center&#8220; image_hovers=&#8220;false&#8220; lazy_loading=&#8220;true&#8220;][vc_column_text]<\/p>\n<h3>Kundendienst<\/h3>\n<p>Unser zuverl\u00e4ssiger, effizienter und h\u00f6flicher Kundenservice unterst\u00fctzt Kunden in allen Phasen des Verkaufs.<br \/>\nUnser hochqualifiziertes Personal sorgt f\u00fcr eine effiziente technische Unterst\u00fctzung in jeder Phase der Installation, Inbetriebnahme und Wartung.<br \/>\nIn unserer Zentrale finden regelm\u00e4\u00dfig Schulungen f\u00fcr das technische Personal unserer Kunden statt.[\/vc_column_text][\/vc_column][\/vc_row]<\/p>\n<\/div>","protected":false},"excerpt":{"rendered":"<p>[vc_row full_width=&#8220;stretch_row&#8220; bg_type=&#8220;image&#8220; parallax_style=&#8220;vcpb-default&#8220; bg_image_new=&#8220;id^813|url^https:\/\/www.securlift.com\/wp-content\/uploads\/2019\/06\/bg_header_03.jpg|caption^null|alt^null|title^bg_header_03|description^null&#8220; bg_image_repeat=&#8220;no-repeat&#8220;][vc_column][\/vc_column][\/vc_row][vc_row bg_type=&#8220;bg_color&#8220; seperator_enable=&#8220;seperator_enable_value&#8220; seperator_type=&#8220;xlarge_triangle_seperator&#8220; seperator_position=&#8220;bottom_seperator&#8220; seperator_svg_height=&#8220;50&#8243; seperator_shape_background=&#8220;#ffffff&#8220; bg_color_value=&#8220;#ef712c&#8220; css=&#8220;.vc_custom_1560341627674{padding-bottom: 50px !important;}&#8220;][vc_column][vc_column_text][\/vc_column_text][\/vc_column][\/vc_row][vc_row][vc_column width=&#8220;2\/3&#8243;][vc_column_text] Das Unternehmen Seit mehr als 50 Jahren ist die Falconi Gruppe als zuverl\u00e4ssiger Experte auf dem Aufzugsmarkt bekannt. Sie etablierte sich in den 60er Jahren mit ASCENSA LIFT als Schweizer Agentur f\u00fcr FIAM ELEVATORS und als Pionier der&hellip;<\/p>\n","protected":false},"author":1,"featured_media":0,"parent":0,"menu_order":0,"comment_status":"closed","ping_status":"closed","template":"","meta":{"footnotes":""},"class_list":["post-1919","page","type-page","status-publish","hentry","description-off"],"yoast_head":"<!-- This site is optimized with the Yoast SEO plugin v23.1 - https:\/\/yoast.com\/wordpress\/plugins\/seo\/ -->\n<title>\u00dcber uns - Securlift<\/title>\n<meta name=\"robots\" content=\"index, follow, max-snippet:-1, max-image-preview:large, max-video-preview:-1\" \/>\n<link rel=\"canonical\" href=\"https:\/\/www.securlift.com\/de\/about\/\" \/>\n<meta property=\"og:locale\" content=\"de_DE\" \/>\n<meta property=\"og:type\" content=\"article\" \/>\n<meta property=\"og:title\" content=\"\u00dcber uns - Securlift\" \/>\n<meta property=\"og:description\" content=\"[vc_row full_width=&#8220;stretch_row&#8220; bg_type=&#8220;image&#8220; parallax_style=&#8220;vcpb-default&#8220; bg_image_new=&#8220;id^813|url^https:\/\/www.securlift.com\/wp-content\/uploads\/2019\/06\/bg_header_03.jpg|caption^null|alt^null|title^bg_header_03|description^null&#8220; bg_image_repeat=&#8220;no-repeat&#8220;][vc_column][\/vc_column][\/vc_row][vc_row bg_type=&#8220;bg_color&#8220; seperator_enable=&#8220;seperator_enable_value&#8220; seperator_type=&#8220;xlarge_triangle_seperator&#8220; seperator_position=&#8220;bottom_seperator&#8220; seperator_svg_height=&#8220;50&#8243; seperator_shape_background=&#8220;#ffffff&#8220; bg_color_value=&#8220;#ef712c&#8220; css=&#8220;.vc_custom_1560341627674{padding-bottom: 50px !important;}&#8220;][vc_column][vc_column_text][\/vc_column_text][\/vc_column][\/vc_row][vc_row][vc_column width=&#8220;2\/3&#8243;][vc_column_text] Das Unternehmen Seit mehr als 50 Jahren ist die Falconi Gruppe als zuverl\u00e4ssiger Experte auf dem Aufzugsmarkt bekannt. Sie etablierte sich in den 60er Jahren mit ASCENSA LIFT als Schweizer Agentur f\u00fcr FIAM ELEVATORS und als Pionier der&hellip;\" \/>\n<meta property=\"og:url\" content=\"https:\/\/www.securlift.com\/de\/about\/\" \/>\n<meta property=\"og:site_name\" content=\"Securlift\" \/>\n<meta property=\"article:publisher\" content=\"https:\/\/www.facebook.com\/securliftdigitalcontrollers\/\" \/>\n<meta property=\"article:modified_time\" content=\"2024-07-24T09:43:35+00:00\" \/>\n<meta name=\"twitter:card\" content=\"summary_large_image\" \/>\n<meta name=\"twitter:label1\" content=\"Gesch\u00e4tzte Lesezeit\" \/>\n\t<meta name=\"twitter:data1\" content=\"4\u00a0Minuten\" \/>\n<script type=\"application\/ld+json\" class=\"yoast-schema-graph\">{\"@context\":\"https:\/\/schema.org\",\"@graph\":[{\"@type\":\"WebPage\",\"@id\":\"https:\/\/www.securlift.com\/de\/about\/\",\"url\":\"https:\/\/www.securlift.com\/de\/about\/\",\"name\":\"\u00dcber uns - Securlift\",\"isPartOf\":{\"@id\":\"https:\/\/www.securlift.com\/#website\"},\"datePublished\":\"2019-01-24T12:14:04+00:00\",\"dateModified\":\"2024-07-24T09:43:35+00:00\",\"breadcrumb\":{\"@id\":\"https:\/\/www.securlift.com\/de\/about\/#breadcrumb\"},\"inLanguage\":\"de\",\"potentialAction\":[{\"@type\":\"ReadAction\",\"target\":[\"https:\/\/www.securlift.com\/de\/about\/\"]}]},{\"@type\":\"BreadcrumbList\",\"@id\":\"https:\/\/www.securlift.com\/de\/about\/#breadcrumb\",\"itemListElement\":[{\"@type\":\"ListItem\",\"position\":1,\"name\":\"Home\",\"item\":\"https:\/\/www.securlift.com\/de\/\"},{\"@type\":\"ListItem\",\"position\":2,\"name\":\"\u00dcber uns\"}]},{\"@type\":\"WebSite\",\"@id\":\"https:\/\/www.securlift.com\/#website\",\"url\":\"https:\/\/www.securlift.com\/\",\"name\":\"Securlift\",\"description\":\"\",\"publisher\":{\"@id\":\"https:\/\/www.securlift.com\/#organization\"},\"potentialAction\":[{\"@type\":\"SearchAction\",\"target\":{\"@type\":\"EntryPoint\",\"urlTemplate\":\"https:\/\/www.securlift.com\/?s={search_term_string}\"},\"query-input\":\"required name=search_term_string\"}],\"inLanguage\":\"de\"},{\"@type\":\"Organization\",\"@id\":\"https:\/\/www.securlift.com\/#organization\",\"name\":\"Securlift Sagl\",\"url\":\"https:\/\/www.securlift.com\/\",\"logo\":{\"@type\":\"ImageObject\",\"inLanguage\":\"de\",\"@id\":\"https:\/\/www.securlift.com\/#\/schema\/logo\/image\/\",\"url\":\"https:\/\/www.securlift.com\/wp-content\/uploads\/2019\/01\/Securlift_Logo_w600.png\",\"contentUrl\":\"https:\/\/www.securlift.com\/wp-content\/uploads\/2019\/01\/Securlift_Logo_w600.png\",\"width\":600,\"height\":84,\"caption\":\"Securlift Sagl\"},\"image\":{\"@id\":\"https:\/\/www.securlift.com\/#\/schema\/logo\/image\/\"},\"sameAs\":[\"https:\/\/www.facebook.com\/securliftdigitalcontrollers\/\",\"https:\/\/www.linkedin.com\/company\/securlift-sagl\"]}]}<\/script>\n<!-- \/ Yoast SEO plugin. -->","yoast_head_json":{"title":"\u00dcber uns - Securlift","robots":{"index":"index","follow":"follow","max-snippet":"max-snippet:-1","max-image-preview":"max-image-preview:large","max-video-preview":"max-video-preview:-1"},"canonical":"https:\/\/www.securlift.com\/de\/about\/","og_locale":"de_DE","og_type":"article","og_title":"\u00dcber uns - Securlift","og_description":"[vc_row full_width=&#8220;stretch_row&#8220; bg_type=&#8220;image&#8220; parallax_style=&#8220;vcpb-default&#8220; bg_image_new=&#8220;id^813|url^https:\/\/www.securlift.com\/wp-content\/uploads\/2019\/06\/bg_header_03.jpg|caption^null|alt^null|title^bg_header_03|description^null&#8220; bg_image_repeat=&#8220;no-repeat&#8220;][vc_column][\/vc_column][\/vc_row][vc_row bg_type=&#8220;bg_color&#8220; seperator_enable=&#8220;seperator_enable_value&#8220; seperator_type=&#8220;xlarge_triangle_seperator&#8220; seperator_position=&#8220;bottom_seperator&#8220; seperator_svg_height=&#8220;50&#8243; seperator_shape_background=&#8220;#ffffff&#8220; bg_color_value=&#8220;#ef712c&#8220; css=&#8220;.vc_custom_1560341627674{padding-bottom: 50px !important;}&#8220;][vc_column][vc_column_text][\/vc_column_text][\/vc_column][\/vc_row][vc_row][vc_column width=&#8220;2\/3&#8243;][vc_column_text] Das Unternehmen Seit mehr als 50 Jahren ist die Falconi Gruppe als zuverl\u00e4ssiger Experte auf dem Aufzugsmarkt bekannt. Sie etablierte sich in den 60er Jahren mit ASCENSA LIFT als Schweizer Agentur f\u00fcr FIAM ELEVATORS und als Pionier der&hellip;","og_url":"https:\/\/www.securlift.com\/de\/about\/","og_site_name":"Securlift","article_publisher":"https:\/\/www.facebook.com\/securliftdigitalcontrollers\/","article_modified_time":"2024-07-24T09:43:35+00:00","twitter_card":"summary_large_image","twitter_misc":{"Gesch\u00e4tzte Lesezeit":"4\u00a0Minuten"},"schema":{"@context":"https:\/\/schema.org","@graph":[{"@type":"WebPage","@id":"https:\/\/www.securlift.com\/de\/about\/","url":"https:\/\/www.securlift.com\/de\/about\/","name":"\u00dcber uns - Securlift","isPartOf":{"@id":"https:\/\/www.securlift.com\/#website"},"datePublished":"2019-01-24T12:14:04+00:00","dateModified":"2024-07-24T09:43:35+00:00","breadcrumb":{"@id":"https:\/\/www.securlift.com\/de\/about\/#breadcrumb"},"inLanguage":"de","potentialAction":[{"@type":"ReadAction","target":["https:\/\/www.securlift.com\/de\/about\/"]}]},{"@type":"BreadcrumbList","@id":"https:\/\/www.securlift.com\/de\/about\/#breadcrumb","itemListElement":[{"@type":"ListItem","position":1,"name":"Home","item":"https:\/\/www.securlift.com\/de\/"},{"@type":"ListItem","position":2,"name":"\u00dcber uns"}]},{"@type":"WebSite","@id":"https:\/\/www.securlift.com\/#website","url":"https:\/\/www.securlift.com\/","name":"Securlift","description":"","publisher":{"@id":"https:\/\/www.securlift.com\/#organization"},"potentialAction":[{"@type":"SearchAction","target":{"@type":"EntryPoint","urlTemplate":"https:\/\/www.securlift.com\/?s={search_term_string}"},"query-input":"required name=search_term_string"}],"inLanguage":"de"},{"@type":"Organization","@id":"https:\/\/www.securlift.com\/#organization","name":"Securlift Sagl","url":"https:\/\/www.securlift.com\/","logo":{"@type":"ImageObject","inLanguage":"de","@id":"https:\/\/www.securlift.com\/#\/schema\/logo\/image\/","url":"https:\/\/www.securlift.com\/wp-content\/uploads\/2019\/01\/Securlift_Logo_w600.png","contentUrl":"https:\/\/www.securlift.com\/wp-content\/uploads\/2019\/01\/Securlift_Logo_w600.png","width":600,"height":84,"caption":"Securlift Sagl"},"image":{"@id":"https:\/\/www.securlift.com\/#\/schema\/logo\/image\/"},"sameAs":["https:\/\/www.facebook.com\/securliftdigitalcontrollers\/","https:\/\/www.linkedin.com\/company\/securlift-sagl"]}]}},"_links":{"self":[{"href":"https:\/\/www.securlift.com\/de\/wp-json\/wp\/v2\/pages\/1919"}],"collection":[{"href":"https:\/\/www.securlift.com\/de\/wp-json\/wp\/v2\/pages"}],"about":[{"href":"https:\/\/www.securlift.com\/de\/wp-json\/wp\/v2\/types\/page"}],"author":[{"embeddable":true,"href":"https:\/\/www.securlift.com\/de\/wp-json\/wp\/v2\/users\/1"}],"replies":[{"embeddable":true,"href":"https:\/\/www.securlift.com\/de\/wp-json\/wp\/v2\/comments?post=1919"}],"version-history":[{"count":8,"href":"https:\/\/www.securlift.com\/de\/wp-json\/wp\/v2\/pages\/1919\/revisions"}],"predecessor-version":[{"id":2616,"href":"https:\/\/www.securlift.com\/de\/wp-json\/wp\/v2\/pages\/1919\/revisions\/2616"}],"wp:attachment":[{"href":"https:\/\/www.securlift.com\/de\/wp-json\/wp\/v2\/media?parent=1919"}],"curies":[{"name":"wp","href":"https:\/\/api.w.org\/{rel}","templated":true}]}}