{"id":1905,"date":"2019-05-20T16:13:25","date_gmt":"2019-05-20T14:13:25","guid":{"rendered":"http:\/\/www2.securlift.com\/cop-lop\/custom\/"},"modified":"2024-07-25T15:29:59","modified_gmt":"2024-07-25T13:29:59","slug":"custom","status":"publish","type":"page","link":"https:\/\/www.securlift.com\/de\/cop-lop\/custom\/","title":{"rendered":"Custom"},"content":{"rendered":"<div class=\"wpb-content-wrapper\"><p>[vc_row full_width=&#8220;stretch_row&#8220; bg_type=&#8220;image&#8220; parallax_style=&#8220;vcpb-default&#8220; bg_image_new=&#8220;id^745|url^https:\/\/www.securlift.com\/wp-content\/uploads\/2019\/06\/bg_header_02-1.jpg|caption^null|alt^null|title^bg_header_02|description^null&#8220; bg_image_repeat=&#8220;no-repeat&#8220;][vc_column]<div class=\"ult-spacer spacer-69f6035aa5df0\" data-id=\"69f6035aa5df0\" data-height=\"300\" data-height-mobile=\"100\" data-height-tab=\"200\" data-height-tab-portrait=\"200\" data-height-mobile-landscape=\"100\" style=\"clear:both;display:block;\"><\/div>[\/vc_column][\/vc_row][vc_row][vc_column]<div id=\"ultimate-heading-89669f6035aa5e61\" class=\"uvc-heading ult-adjust-bottom-margin ultimate-heading-89669f6035aa5e61 uvc-993 \" data-hspacer=\"no_spacer\"  data-halign=\"left\" style=\"text-align:left\"><div class=\"uvc-heading-spacer no_spacer\" style=\"top\"><\/div><div class=\"uvc-main-heading ult-responsive\"  data-ultimate-target='.uvc-heading.ultimate-heading-89669f6035aa5e61 h2'  data-responsive-json-new='{\"font-size\":\"desktop:44px;\",\"line-height\":\"\"}' ><h2 style=\"font-weight:bold;color:#ef712c;margin-top:10px;margin-bottom:10px;\">Custom<\/h2><\/div><div class=\"uvc-sub-heading ult-responsive\"  data-ultimate-target='.uvc-heading.ultimate-heading-89669f6035aa5e61 .uvc-sub-heading '  data-responsive-json-new='{\"font-size\":\"desktop:22px;\",\"line-height\":\"\"}'  style=\"font-weight:normal;margin-top:10px;margin-bottom:20px;\">Ma\u00dfgeschneiderte und spezielle Tableaus<\/div><\/div>[\/vc_column][\/vc_row][vc_row equal_height=&#8220;yes&#8220;][vc_column width=&#8220;3\/4&#8243; css=&#8220;.vc_custom_1560432583587{padding-top: 30px !important;}&#8220;][vc_row_inner][vc_column_inner width=&#8220;1\/3&#8243;][vc_column_text]Securlift bietet spezielle Tableaus f\u00fcr jeden Bedarf. Die M\u00f6glichkeiten reichen von flachen Tableaus mit einer bestimmten Gr\u00f6\u00dfe, bis Aufputz-Tableaus in voller Kabineh\u00f6he, von wasserdichten Feuerwehrtableaus und Sonderausf\u00fchrung.<\/p>\n<hr \/>\n<p>Sie k\u00f6nnen direkt bei der\u00a0 <a href=\"https:\/\/www.ws-schaefer.de\" target=\"_blank\" rel=\"noopener noreferrer\">Schaefer GmbH<\/a>\u00a0 Tableaus bestellen, die Plug&amp;Play mit Securlift Steuerungen sind.[\/vc_column_text][\/vc_column_inner][vc_column_inner width=&#8220;2\/3&#8243;][vc_single_image image=&#8220;1095&#8243; img_size=&#8220;full&#8220; alignment=&#8220;center&#8220; onclick=&#8220;link_image&#8220; image_hovers=&#8220;false&#8220; lazy_loading=&#8220;true&#8220;][\/vc_column_inner][\/vc_row_inner][\/vc_column][vc_column width=&#8220;1\/4&#8243; css=&#8220;.vc_custom_1560432573419{border-left-width: 1px !important;background-color: #efefef !important;border-left-color: #eaeaea !important;border-left-style: solid !important;border-radius: 1px !important;}&#8220;][vc_column_text]<\/p>\n<h3>Other models<\/h3>\n<p>[\/vc_column_text][vc_widget_sidebar show_bg=&#8220;false&#8220; sidebar_id=&#8220;cs-1&#8243;][\/vc_column][\/vc_row][vc_row disable_element=&#8220;yes&#8220;][vc_column][vc_separator][\/vc_column][\/vc_row]<\/p>\n<\/div>","protected":false},"excerpt":{"rendered":"<p>[vc_row full_width=&#8220;stretch_row&#8220; bg_type=&#8220;image&#8220; parallax_style=&#8220;vcpb-default&#8220; bg_image_new=&#8220;id^745|url^https:\/\/www.securlift.com\/wp-content\/uploads\/2019\/06\/bg_header_02-1.jpg|caption^null|alt^null|title^bg_header_02|description^null&#8220; bg_image_repeat=&#8220;no-repeat&#8220;][vc_column][\/vc_column][\/vc_row][vc_row][vc_column][\/vc_column][\/vc_row][vc_row equal_height=&#8220;yes&#8220;][vc_column width=&#8220;3\/4&#8243; css=&#8220;.vc_custom_1560432583587{padding-top: 30px !important;}&#8220;][vc_row_inner][vc_column_inner width=&#8220;1\/3&#8243;][vc_column_text]Securlift bietet spezielle Tableaus f\u00fcr jeden Bedarf. Die M\u00f6glichkeiten reichen von flachen Tableaus mit einer bestimmten Gr\u00f6\u00dfe, bis Aufputz-Tableaus in voller Kabineh\u00f6he, von wasserdichten Feuerwehrtableaus und Sonderausf\u00fchrung. Sie k\u00f6nnen direkt bei der\u00a0 Schaefer GmbH\u00a0 Tableaus bestellen, die Plug&amp;Play mit Securlift Steuerungen sind.[\/vc_column_text][\/vc_column_inner][vc_column_inner width=&#8220;2\/3&#8243;][vc_single_image image=&#8220;1095&#8243;&hellip;<\/p>\n","protected":false},"author":1,"featured_media":0,"parent":1896,"menu_order":0,"comment_status":"closed","ping_status":"closed","template":"","meta":{"footnotes":""},"class_list":["post-1905","page","type-page","status-publish","hentry","description-off"],"yoast_head":"<!-- This site is optimized with the Yoast SEO plugin v23.1 - https:\/\/yoast.com\/wordpress\/plugins\/seo\/ -->\n<title>Custom - Securlift<\/title>\n<meta name=\"robots\" content=\"index, follow, max-snippet:-1, max-image-preview:large, max-video-preview:-1\" \/>\n<link rel=\"canonical\" href=\"https:\/\/www.securlift.com\/de\/cop-lop\/custom\/\" \/>\n<meta property=\"og:locale\" content=\"de_DE\" \/>\n<meta property=\"og:type\" content=\"article\" \/>\n<meta property=\"og:title\" content=\"Custom - Securlift\" \/>\n<meta property=\"og:description\" content=\"[vc_row full_width=&#8220;stretch_row&#8220; bg_type=&#8220;image&#8220; parallax_style=&#8220;vcpb-default&#8220; bg_image_new=&#8220;id^745|url^https:\/\/www.securlift.com\/wp-content\/uploads\/2019\/06\/bg_header_02-1.jpg|caption^null|alt^null|title^bg_header_02|description^null&#8220; bg_image_repeat=&#8220;no-repeat&#8220;][vc_column][\/vc_column][\/vc_row][vc_row][vc_column][\/vc_column][\/vc_row][vc_row equal_height=&#8220;yes&#8220;][vc_column width=&#8220;3\/4&#8243; css=&#8220;.vc_custom_1560432583587{padding-top: 30px !important;}&#8220;][vc_row_inner][vc_column_inner width=&#8220;1\/3&#8243;][vc_column_text]Securlift bietet spezielle Tableaus f\u00fcr jeden Bedarf. Die M\u00f6glichkeiten reichen von flachen Tableaus mit einer bestimmten Gr\u00f6\u00dfe, bis Aufputz-Tableaus in voller Kabineh\u00f6he, von wasserdichten Feuerwehrtableaus und Sonderausf\u00fchrung. Sie k\u00f6nnen direkt bei der\u00a0 Schaefer GmbH\u00a0 Tableaus bestellen, die Plug&amp;Play mit Securlift Steuerungen sind.[\/vc_column_text][\/vc_column_inner][vc_column_inner width=&#8220;2\/3&#8243;][vc_single_image image=&#8220;1095&#8243;&hellip;\" \/>\n<meta property=\"og:url\" content=\"https:\/\/www.securlift.com\/de\/cop-lop\/custom\/\" \/>\n<meta property=\"og:site_name\" content=\"Securlift\" \/>\n<meta property=\"article:publisher\" content=\"https:\/\/www.facebook.com\/securliftdigitalcontrollers\/\" \/>\n<meta property=\"article:modified_time\" content=\"2024-07-25T13:29:59+00:00\" \/>\n<meta name=\"twitter:card\" content=\"summary_large_image\" \/>\n<meta name=\"twitter:label1\" content=\"Gesch\u00e4tzte Lesezeit\" \/>\n\t<meta name=\"twitter:data1\" content=\"1\u00a0Minute\" \/>\n<script type=\"application\/ld+json\" class=\"yoast-schema-graph\">{\"@context\":\"https:\/\/schema.org\",\"@graph\":[{\"@type\":\"WebPage\",\"@id\":\"https:\/\/www.securlift.com\/de\/cop-lop\/custom\/\",\"url\":\"https:\/\/www.securlift.com\/de\/cop-lop\/custom\/\",\"name\":\"Custom - Securlift\",\"isPartOf\":{\"@id\":\"https:\/\/www.securlift.com\/#website\"},\"datePublished\":\"2019-05-20T14:13:25+00:00\",\"dateModified\":\"2024-07-25T13:29:59+00:00\",\"breadcrumb\":{\"@id\":\"https:\/\/www.securlift.com\/de\/cop-lop\/custom\/#breadcrumb\"},\"inLanguage\":\"de\",\"potentialAction\":[{\"@type\":\"ReadAction\",\"target\":[\"https:\/\/www.securlift.com\/de\/cop-lop\/custom\/\"]}]},{\"@type\":\"BreadcrumbList\",\"@id\":\"https:\/\/www.securlift.com\/de\/cop-lop\/custom\/#breadcrumb\",\"itemListElement\":[{\"@type\":\"ListItem\",\"position\":1,\"name\":\"Home\",\"item\":\"https:\/\/www.securlift.com\/de\/\"},{\"@type\":\"ListItem\",\"position\":2,\"name\":\"Tableaus\",\"item\":\"https:\/\/www.securlift.com\/de\/cop-lop\/\"},{\"@type\":\"ListItem\",\"position\":3,\"name\":\"Custom\"}]},{\"@type\":\"WebSite\",\"@id\":\"https:\/\/www.securlift.com\/#website\",\"url\":\"https:\/\/www.securlift.com\/\",\"name\":\"Securlift\",\"description\":\"\",\"publisher\":{\"@id\":\"https:\/\/www.securlift.com\/#organization\"},\"potentialAction\":[{\"@type\":\"SearchAction\",\"target\":{\"@type\":\"EntryPoint\",\"urlTemplate\":\"https:\/\/www.securlift.com\/?s={search_term_string}\"},\"query-input\":\"required name=search_term_string\"}],\"inLanguage\":\"de\"},{\"@type\":\"Organization\",\"@id\":\"https:\/\/www.securlift.com\/#organization\",\"name\":\"Securlift Sagl\",\"url\":\"https:\/\/www.securlift.com\/\",\"logo\":{\"@type\":\"ImageObject\",\"inLanguage\":\"de\",\"@id\":\"https:\/\/www.securlift.com\/#\/schema\/logo\/image\/\",\"url\":\"https:\/\/www.securlift.com\/wp-content\/uploads\/2019\/01\/Securlift_Logo_w600.png\",\"contentUrl\":\"https:\/\/www.securlift.com\/wp-content\/uploads\/2019\/01\/Securlift_Logo_w600.png\",\"width\":600,\"height\":84,\"caption\":\"Securlift Sagl\"},\"image\":{\"@id\":\"https:\/\/www.securlift.com\/#\/schema\/logo\/image\/\"},\"sameAs\":[\"https:\/\/www.facebook.com\/securliftdigitalcontrollers\/\",\"https:\/\/www.linkedin.com\/company\/securlift-sagl\"]}]}<\/script>\n<!-- \/ Yoast SEO plugin. -->","yoast_head_json":{"title":"Custom - Securlift","robots":{"index":"index","follow":"follow","max-snippet":"max-snippet:-1","max-image-preview":"max-image-preview:large","max-video-preview":"max-video-preview:-1"},"canonical":"https:\/\/www.securlift.com\/de\/cop-lop\/custom\/","og_locale":"de_DE","og_type":"article","og_title":"Custom - Securlift","og_description":"[vc_row full_width=&#8220;stretch_row&#8220; bg_type=&#8220;image&#8220; parallax_style=&#8220;vcpb-default&#8220; bg_image_new=&#8220;id^745|url^https:\/\/www.securlift.com\/wp-content\/uploads\/2019\/06\/bg_header_02-1.jpg|caption^null|alt^null|title^bg_header_02|description^null&#8220; bg_image_repeat=&#8220;no-repeat&#8220;][vc_column][\/vc_column][\/vc_row][vc_row][vc_column][\/vc_column][\/vc_row][vc_row equal_height=&#8220;yes&#8220;][vc_column width=&#8220;3\/4&#8243; css=&#8220;.vc_custom_1560432583587{padding-top: 30px !important;}&#8220;][vc_row_inner][vc_column_inner width=&#8220;1\/3&#8243;][vc_column_text]Securlift bietet spezielle Tableaus f\u00fcr jeden Bedarf. Die M\u00f6glichkeiten reichen von flachen Tableaus mit einer bestimmten Gr\u00f6\u00dfe, bis Aufputz-Tableaus in voller Kabineh\u00f6he, von wasserdichten Feuerwehrtableaus und Sonderausf\u00fchrung. Sie k\u00f6nnen direkt bei der\u00a0 Schaefer GmbH\u00a0 Tableaus bestellen, die Plug&amp;Play mit Securlift Steuerungen sind.[\/vc_column_text][\/vc_column_inner][vc_column_inner width=&#8220;2\/3&#8243;][vc_single_image image=&#8220;1095&#8243;&hellip;","og_url":"https:\/\/www.securlift.com\/de\/cop-lop\/custom\/","og_site_name":"Securlift","article_publisher":"https:\/\/www.facebook.com\/securliftdigitalcontrollers\/","article_modified_time":"2024-07-25T13:29:59+00:00","twitter_card":"summary_large_image","twitter_misc":{"Gesch\u00e4tzte Lesezeit":"1\u00a0Minute"},"schema":{"@context":"https:\/\/schema.org","@graph":[{"@type":"WebPage","@id":"https:\/\/www.securlift.com\/de\/cop-lop\/custom\/","url":"https:\/\/www.securlift.com\/de\/cop-lop\/custom\/","name":"Custom - Securlift","isPartOf":{"@id":"https:\/\/www.securlift.com\/#website"},"datePublished":"2019-05-20T14:13:25+00:00","dateModified":"2024-07-25T13:29:59+00:00","breadcrumb":{"@id":"https:\/\/www.securlift.com\/de\/cop-lop\/custom\/#breadcrumb"},"inLanguage":"de","potentialAction":[{"@type":"ReadAction","target":["https:\/\/www.securlift.com\/de\/cop-lop\/custom\/"]}]},{"@type":"BreadcrumbList","@id":"https:\/\/www.securlift.com\/de\/cop-lop\/custom\/#breadcrumb","itemListElement":[{"@type":"ListItem","position":1,"name":"Home","item":"https:\/\/www.securlift.com\/de\/"},{"@type":"ListItem","position":2,"name":"Tableaus","item":"https:\/\/www.securlift.com\/de\/cop-lop\/"},{"@type":"ListItem","position":3,"name":"Custom"}]},{"@type":"WebSite","@id":"https:\/\/www.securlift.com\/#website","url":"https:\/\/www.securlift.com\/","name":"Securlift","description":"","publisher":{"@id":"https:\/\/www.securlift.com\/#organization"},"potentialAction":[{"@type":"SearchAction","target":{"@type":"EntryPoint","urlTemplate":"https:\/\/www.securlift.com\/?s={search_term_string}"},"query-input":"required name=search_term_string"}],"inLanguage":"de"},{"@type":"Organization","@id":"https:\/\/www.securlift.com\/#organization","name":"Securlift Sagl","url":"https:\/\/www.securlift.com\/","logo":{"@type":"ImageObject","inLanguage":"de","@id":"https:\/\/www.securlift.com\/#\/schema\/logo\/image\/","url":"https:\/\/www.securlift.com\/wp-content\/uploads\/2019\/01\/Securlift_Logo_w600.png","contentUrl":"https:\/\/www.securlift.com\/wp-content\/uploads\/2019\/01\/Securlift_Logo_w600.png","width":600,"height":84,"caption":"Securlift Sagl"},"image":{"@id":"https:\/\/www.securlift.com\/#\/schema\/logo\/image\/"},"sameAs":["https:\/\/www.facebook.com\/securliftdigitalcontrollers\/","https:\/\/www.linkedin.com\/company\/securlift-sagl"]}]}},"_links":{"self":[{"href":"https:\/\/www.securlift.com\/de\/wp-json\/wp\/v2\/pages\/1905"}],"collection":[{"href":"https:\/\/www.securlift.com\/de\/wp-json\/wp\/v2\/pages"}],"about":[{"href":"https:\/\/www.securlift.com\/de\/wp-json\/wp\/v2\/types\/page"}],"author":[{"embeddable":true,"href":"https:\/\/www.securlift.com\/de\/wp-json\/wp\/v2\/users\/1"}],"replies":[{"embeddable":true,"href":"https:\/\/www.securlift.com\/de\/wp-json\/wp\/v2\/comments?post=1905"}],"version-history":[{"count":3,"href":"https:\/\/www.securlift.com\/de\/wp-json\/wp\/v2\/pages\/1905\/revisions"}],"predecessor-version":[{"id":2795,"href":"https:\/\/www.securlift.com\/de\/wp-json\/wp\/v2\/pages\/1905\/revisions\/2795"}],"up":[{"embeddable":true,"href":"https:\/\/www.securlift.com\/de\/wp-json\/wp\/v2\/pages\/1896"}],"wp:attachment":[{"href":"https:\/\/www.securlift.com\/de\/wp-json\/wp\/v2\/media?parent=1905"}],"curies":[{"name":"wp","href":"https:\/\/api.w.org\/{rel}","templated":true}]}}